{"id":1004,"date":"2022-07-12T11:55:27","date_gmt":"2022-07-12T14:55:27","guid":{"rendered":"https:\/\/ciclanus.edu.ar\/?page_id=1004"},"modified":"2026-04-06T07:48:18","modified_gmt":"2026-04-06T10:48:18","slug":"nuestro-equipo-secundaria","status":"publish","type":"page","link":"https:\/\/ciclanus.edu.ar\/?page_id=1004","title":{"rendered":"Nuestro Equipo Secundaria"},"content":{"rendered":"<p>[et_pb_section fb_built=\u00bb1&#8243; admin_label=\u00bbsection\u00bb _builder_version=\u00bb4.16&#8243; da_disable_devices=\u00bboff|off|off\u00bb global_colors_info=\u00bb{}\u00bb da_is_popup=\u00bboff\u00bb da_exit_intent=\u00bboff\u00bb da_has_close=\u00bbon\u00bb da_alt_close=\u00bboff\u00bb da_dark_close=\u00bboff\u00bb da_not_modal=\u00bbon\u00bb da_is_singular=\u00bboff\u00bb da_with_loader=\u00bboff\u00bb da_has_shadow=\u00bbon\u00bb][et_pb_row admin_label=\u00bbrow\u00bb _builder_version=\u00bb4.16&#8243; background_size=\u00bbinitial\u00bb background_position=\u00bbtop_left\u00bb background_repeat=\u00bbrepeat\u00bb global_colors_info=\u00bb{}\u00bb][et_pb_column type=\u00bb4_4&#8243; _builder_version=\u00bb4.16&#8243; custom_padding=\u00bb|||\u00bb global_colors_info=\u00bb{}\u00bb custom_padding__hover=\u00bb|||\u00bb][et_pb_text admin_label=\u00bbText\u00bb _builder_version=\u00bb4.27.6&#8243; background_size=\u00bbinitial\u00bb background_position=\u00bbtop_left\u00bb background_repeat=\u00bbrepeat\u00bb global_colors_info=\u00bb{}\u00bb]<\/p>\n<h3><strong>Nuestro Equipo<\/strong><\/h3>\n<p>[\/et_pb_text][et_pb_text admin_label=\u00bbText\u00bb _builder_version=\u00bb4.27.6&#8243; background_size=\u00bbinitial\u00bb background_position=\u00bbtop_left\u00bb background_repeat=\u00bbrepeat\u00bb global_colors_info=\u00bb{}\u00bb]<\/p>\n<p><strong>Soledad Bernachea (Directora)<\/strong><\/p>\n<p><strong>Nicolas Zadubiec (Vicedirector)<\/strong><\/p>\n<p><strong>Agustina Videl (Secretaria)<\/strong><\/p>\n<p>[\/et_pb_text][\/et_pb_column][\/et_pb_row][et_pb_row admin_label=\u00bbrow\u00bb _builder_version=\u00bb4.16&#8243; background_size=\u00bbinitial\u00bb background_position=\u00bbtop_left\u00bb background_repeat=\u00bbrepeat\u00bb global_colors_info=\u00bb{}\u00bb column_structure=\u00bb3_5,2_5&#8243;][et_pb_column type=\u00bb3_5&#8243; _builder_version=\u00bb4.16&#8243; custom_padding=\u00bb|||\u00bb global_colors_info=\u00bb{}\u00bb custom_padding__hover=\u00bb|||\u00bb][et_pb_text admin_label=\u00bbText\u00bb _builder_version=\u00bb4.27.6&#8243; background_size=\u00bbinitial\u00bb background_position=\u00bbtop_left\u00bb background_repeat=\u00bbrepeat\u00bb hover_enabled=\u00bb0&#8243; global_colors_info=\u00bb{}\u00bb custom_padding=\u00bb||0px|||\u00bb sticky_enabled=\u00bb0&#8243;]<\/p>\n<h3><strong>Nuestros Proyectos<\/strong><\/h3>\n<p>[\/et_pb_text][\/et_pb_column][et_pb_column type=\u00bb2_5&#8243; _builder_version=\u00bb4.16&#8243; custom_padding=\u00bb|||\u00bb global_colors_info=\u00bb{}\u00bb custom_padding__hover=\u00bb|||\u00bb][\/et_pb_column][\/et_pb_row][et_pb_row admin_label=\u00bbrow\u00bb _builder_version=\u00bb4.16&#8243; background_size=\u00bbinitial\u00bb background_position=\u00bbtop_left\u00bb background_repeat=\u00bbrepeat\u00bb global_colors_info=\u00bb{}\u00bb column_structure=\u00bb3_5,2_5&#8243;][et_pb_column type=\u00bb3_5&#8243; _builder_version=\u00bb4.16&#8243; custom_padding=\u00bb|||\u00bb global_colors_info=\u00bb{}\u00bb custom_padding__hover=\u00bb|||\u00bb][et_pb_text admin_label=\u00bbText\u00bb _builder_version=\u00bb4.27.6&#8243; background_size=\u00bbinitial\u00bb background_position=\u00bbtop_left\u00bb background_repeat=\u00bbrepeat\u00bb hover_enabled=\u00bb0&#8243; global_colors_info=\u00bb{}\u00bb sticky_enabled=\u00bb0&#8243;]<\/p>\n<p><strong>\u00abCompetencias Digitales para el siglo XXI\u00bb &#8211; Digital Junior (UTN)<\/strong><\/p>\n<p>[\/et_pb_text][et_pb_text admin_label=\u00bbText\u00bb _builder_version=\u00bb4.27.6&#8243; background_size=\u00bbinitial\u00bb background_position=\u00bbtop_left\u00bb background_repeat=\u00bbrepeat\u00bb hover_enabled=\u00bb0&#8243; global_colors_info=\u00bb{}\u00bb sticky_enabled=\u00bb0&#8243; custom_margin=\u00bb-19px|||||\u00bb]<\/p>\n<p>El Programa Digital Junior de la UTN (Universidad Tecnol\u00f3gica Nacional) es una iniciativa destacada de certificaci\u00f3n de competencias digitales para instituciones educativas (primaria y secundaria), con m\u00e1s de 20 a\u00f1os de trayectoria. Avalado por la Universidad capacita en \u00e1reas como programaci\u00f3n, rob\u00f3tica y dise\u00f1o, integrando tecnolog\u00eda en el aula.<\/p>\n<p>[\/et_pb_text][\/et_pb_column][et_pb_column type=\u00bb2_5&#8243; _builder_version=\u00bb4.16&#8243; custom_padding=\u00bb|||\u00bb global_colors_info=\u00bb{}\u00bb custom_padding__hover=\u00bb|||\u00bb][et_pb_image src=\u00bbhttps:\/\/ciclanus.edu.ar\/wp-content\/uploads\/2026\/04\/Competencias-digitales.jpg\u00bb _builder_version=\u00bb4.27.6&#8243; _module_preset=\u00bbdefault\u00bb title_text=\u00bbCompetencias digitales\u00bb hover_enabled=\u00bb0&#8243; sticky_enabled=\u00bb0&#8243;][\/et_pb_image][\/et_pb_column][\/et_pb_row][et_pb_row admin_label=\u00bbrow\u00bb _builder_version=\u00bb4.16&#8243; background_size=\u00bbinitial\u00bb background_position=\u00bbtop_left\u00bb background_repeat=\u00bbrepeat\u00bb global_colors_info=\u00bb{}\u00bb column_structure=\u00bb3_5,2_5&#8243;][et_pb_column type=\u00bb3_5&#8243; _builder_version=\u00bb4.16&#8243; custom_padding=\u00bb|||\u00bb global_colors_info=\u00bb{}\u00bb custom_padding__hover=\u00bb|||\u00bb][et_pb_text admin_label=\u00bbText\u00bb _builder_version=\u00bb4.27.6&#8243; background_size=\u00bbinitial\u00bb background_position=\u00bbtop_left\u00bb background_repeat=\u00bbrepeat\u00bb hover_enabled=\u00bb0&#8243; global_colors_info=\u00bb{}\u00bb sticky_enabled=\u00bb0&#8243;]<\/p>\n<p><strong>Grupo Azul &#8211; Animadores<\/strong><\/p>\n<p>[\/et_pb_text][et_pb_text admin_label=\u00bbText\u00bb _builder_version=\u00bb4.27.6&#8243; background_size=\u00bbinitial\u00bb background_position=\u00bbtop_left\u00bb background_repeat=\u00bbrepeat\u00bb hover_enabled=\u00bb0&#8243; global_colors_info=\u00bb{}\u00bb sticky_enabled=\u00bb0&#8243; custom_margin=\u00bb-19px|||||\u00bb]<\/p>\n<p>Espacio de formaci\u00f3n de animadores en el carisma, para el acompa\u00f1amiento y participaci\u00f3n en proyectos dentro y fuera de la instituci\u00f3n, y el trabajo en la organizaci\u00f3n, la solidaridad, la convivencia, el compa\u00f1erismo y el cuidado mutuo. Enfatizamos en la autonom\u00eda de cada uno de los miembros de nuestra comunidad, profundizando en la adquisici\u00f3n de conciencia de reciprocidad en el entramado social del que somos parte. Planteamos actividades l\u00fadico-deportivas que posibilitan la explotaci\u00f3n y cuidados de los entornos naturales que habitamos.<\/p>\n<p>[\/et_pb_text][\/et_pb_column][et_pb_column type=\u00bb2_5&#8243; _builder_version=\u00bb4.16&#8243; custom_padding=\u00bb|||\u00bb global_colors_info=\u00bb{}\u00bb custom_padding__hover=\u00bb|||\u00bb][et_pb_image src=\u00bbhttps:\/\/ciclanus.edu.ar\/wp-content\/uploads\/2026\/04\/Grupo-Azul.jpg\u00bb _builder_version=\u00bb4.27.6&#8243; _module_preset=\u00bbdefault\u00bb hover_enabled=\u00bb0&#8243; sticky_enabled=\u00bb0&#8243; title_text=\u00bbGrupo Azul\u00bb][\/et_pb_image][\/et_pb_column][\/et_pb_row][et_pb_row admin_label=\u00bbrow\u00bb _builder_version=\u00bb4.16&#8243; background_size=\u00bbinitial\u00bb background_position=\u00bbtop_left\u00bb background_repeat=\u00bbrepeat\u00bb global_colors_info=\u00bb{}\u00bb column_structure=\u00bb3_5,2_5&#8243;][et_pb_column type=\u00bb3_5&#8243; _builder_version=\u00bb4.16&#8243; custom_padding=\u00bb|||\u00bb global_colors_info=\u00bb{}\u00bb custom_padding__hover=\u00bb|||\u00bb][et_pb_text admin_label=\u00bbText\u00bb _builder_version=\u00bb4.27.6&#8243; background_size=\u00bbinitial\u00bb background_position=\u00bbtop_left\u00bb background_repeat=\u00bbrepeat\u00bb hover_enabled=\u00bb0&#8243; global_colors_info=\u00bb{}\u00bb sticky_enabled=\u00bb0&#8243;]<\/p>\n<p><strong>Parlamento Joven<\/strong><\/p>\n<p>[\/et_pb_text][et_pb_text admin_label=\u00bbText\u00bb _builder_version=\u00bb4.27.6&#8243; background_size=\u00bbinitial\u00bb background_position=\u00bbtop_left\u00bb background_repeat=\u00bbrepeat\u00bb hover_enabled=\u00bb0&#8243; global_colors_info=\u00bb{}\u00bb sticky_enabled=\u00bb0&#8243; custom_margin=\u00bb-19px|||||\u00bb]<\/p>\n<p>Se trata de una iniciativa de formaci\u00f3n ciudadana y participaci\u00f3n pol\u00edtica que re\u00fane a estudiantes de secundaria para debatir temas sociales, educativos y ambientales, simulando el trabajo legislativo. Busca promover el pensamiento cr\u00edtico, la democracia y la elaboraci\u00f3n de proyectos de ley o propuestas para mejorar sus comunidades.<\/p>\n<p>[\/et_pb_text][\/et_pb_column][et_pb_column type=\u00bb2_5&#8243; _builder_version=\u00bb4.16&#8243; custom_padding=\u00bb|||\u00bb global_colors_info=\u00bb{}\u00bb custom_padding__hover=\u00bb|||\u00bb][\/et_pb_column][\/et_pb_row][et_pb_row admin_label=\u00bbrow\u00bb _builder_version=\u00bb4.16&#8243; background_size=\u00bbinitial\u00bb background_position=\u00bbtop_left\u00bb background_repeat=\u00bbrepeat\u00bb global_colors_info=\u00bb{}\u00bb column_structure=\u00bb3_5,2_5&#8243;][et_pb_column type=\u00bb3_5&#8243; _builder_version=\u00bb4.16&#8243; custom_padding=\u00bb|||\u00bb global_colors_info=\u00bb{}\u00bb custom_padding__hover=\u00bb|||\u00bb][et_pb_text admin_label=\u00bbText\u00bb _builder_version=\u00bb4.27.6&#8243; background_size=\u00bbinitial\u00bb background_position=\u00bbtop_left\u00bb background_repeat=\u00bbrepeat\u00bb hover_enabled=\u00bb0&#8243; global_colors_info=\u00bb{}\u00bb sticky_enabled=\u00bb0&#8243;]<\/p>\n<p><strong>A 50 a\u00f1os del \u00faltimo golpe c\u00edvico-militar<\/strong><\/p>\n<p>[\/et_pb_text][et_pb_text admin_label=\u00bbText\u00bb _builder_version=\u00bb4.27.6&#8243; background_size=\u00bbinitial\u00bb background_position=\u00bbtop_left\u00bb background_repeat=\u00bbrepeat\u00bb hover_enabled=\u00bb0&#8243; global_colors_info=\u00bb{}\u00bb sticky_enabled=\u00bb0&#8243; custom_margin=\u00bb-19px|||||\u00bb]<\/p>\n<p>Ponemos en pr\u00e1ctica un proyecto transversal que propone abordar, a 50 a\u00f1os del golpe de Estado de 1976, una reflexi\u00f3n cr\u00edtica y colectiva sobre la \u00faltima dictadura c\u00edvico-militar en Argentina. Desde una perspectiva interdisciplinaria, buscamos promover la construcci\u00f3n de memoria, el respeto por los derechos humanos y el fortalecimiento de la vida democr\u00e1tica, articulando contenidos de \u00e1reas como Historia, Lengua, Formaci\u00f3n \u00c9tica y Ciudadana, Arte y Comunicaci\u00f3n.<br \/>Consideramos que la escuela, como espacio de formaci\u00f3n integral, tiene la<br \/>responsabilidad de generar instancias de an\u00e1lisis, debate y producci\u00f3n que permitan a los<br \/>estudiantes comprender las consecuencias sociales, pol\u00edticas y culturales del terrorismo<br \/>de Estado, as\u00ed como valorar la importancia de la participaci\u00f3n ciudadana y la defensa de<br \/>las instituciones democr\u00e1ticas. En este sentido, el proyecto se fundamenta en la necesidad<br \/>de sostener la memoria colectiva como herramienta para evitar la repetici\u00f3n de hechos<br \/>del pasado, promoviendo una ciudadan\u00eda cr\u00edtica, comprometida y consciente de su<br \/>historia.<\/p>\n<p>[\/et_pb_text][\/et_pb_column][et_pb_column type=\u00bb2_5&#8243; _builder_version=\u00bb4.16&#8243; custom_padding=\u00bb|||\u00bb global_colors_info=\u00bb{}\u00bb custom_padding__hover=\u00bb|||\u00bb][\/et_pb_column][\/et_pb_row][et_pb_row admin_label=\u00bbrow\u00bb _builder_version=\u00bb4.16&#8243; background_size=\u00bbinitial\u00bb background_position=\u00bbtop_left\u00bb background_repeat=\u00bbrepeat\u00bb global_colors_info=\u00bb{}\u00bb column_structure=\u00bb3_5,2_5&#8243;][et_pb_column type=\u00bb3_5&#8243; _builder_version=\u00bb4.16&#8243; custom_padding=\u00bb|||\u00bb global_colors_info=\u00bb{}\u00bb custom_padding__hover=\u00bb|||\u00bb][et_pb_text admin_label=\u00bbText\u00bb _builder_version=\u00bb4.27.6&#8243; background_size=\u00bbinitial\u00bb background_position=\u00bbtop_left\u00bb background_repeat=\u00bbrepeat\u00bb hover_enabled=\u00bb0&#8243; global_colors_info=\u00bb{}\u00bb sticky_enabled=\u00bb0&#8243;]<\/p>\n<p><strong>Jornada de Tejido<\/strong><\/p>\n<p>[\/et_pb_text][et_pb_text admin_label=\u00bbText\u00bb _builder_version=\u00bb4.27.6&#8243; background_size=\u00bbinitial\u00bb background_position=\u00bbtop_left\u00bb background_repeat=\u00bbrepeat\u00bb hover_enabled=\u00bb0&#8243; global_colors_info=\u00bb{}\u00bb sticky_enabled=\u00bb0&#8243; custom_margin=\u00bb-19px|||||\u00bb]<\/p>\n<p>La propuesta de una jornada de tejido en el nivel secundario se fundamenta en la<br \/>necesidad de generar espacios que trasciendan lo estrictamente acad\u00e9mico, promoviendo<br \/>el encuentro, la colaboraci\u00f3n y el v\u00ednculo con la comunidad. El tejido, como pr\u00e1ctica<br \/>cultural y social, habilita instancias de aprendizaje compartido donde se ponen en juego<br \/>saberes intergeneracionales, experiencias de vida y formas de trabajo colectivo que<br \/>fortalecen la construcci\u00f3n de lazos sociales.<br \/>En este sentido, la actividad se concibe como una oportunidad para que estudiantes,<br \/>docentes, familias y miembros de la comunidad participen de un proyecto com\u00fan,<br \/>favoreciendo el intercambio, la escucha y el reconocimiento mutuo. A trav\u00e9s del hacer<br \/>conjunto, se promueve el valor del trabajo colaborativo, la solidaridad y la<br \/>responsabilidad compartida en la construcci\u00f3n de un objetivo com\u00fan.<\/p>\n<p>[\/et_pb_text][\/et_pb_column][et_pb_column type=\u00bb2_5&#8243; _builder_version=\u00bb4.16&#8243; custom_padding=\u00bb|||\u00bb global_colors_info=\u00bb{}\u00bb custom_padding__hover=\u00bb|||\u00bb][et_pb_image src=\u00bbhttps:\/\/ciclanus.edu.ar\/wp-content\/uploads\/2026\/04\/Jornada-de-Tejido.jpg\u00bb _builder_version=\u00bb4.27.6&#8243; _module_preset=\u00bbdefault\u00bb title_text=\u00bbJornada de Tejido\u00bb hover_enabled=\u00bb0&#8243; sticky_enabled=\u00bb0&#8243;][\/et_pb_image][\/et_pb_column][\/et_pb_row][et_pb_row admin_label=\u00bbrow\u00bb _builder_version=\u00bb4.16&#8243; background_size=\u00bbinitial\u00bb background_position=\u00bbtop_left\u00bb background_repeat=\u00bbrepeat\u00bb global_colors_info=\u00bb{}\u00bb column_structure=\u00bb3_5,2_5&#8243;][et_pb_column type=\u00bb3_5&#8243; _builder_version=\u00bb4.16&#8243; custom_padding=\u00bb|||\u00bb global_colors_info=\u00bb{}\u00bb custom_padding__hover=\u00bb|||\u00bb][et_pb_text admin_label=\u00bbText\u00bb _builder_version=\u00bb4.27.6&#8243; background_size=\u00bbinitial\u00bb background_position=\u00bbtop_left\u00bb background_repeat=\u00bbrepeat\u00bb hover_enabled=\u00bb0&#8243; global_colors_info=\u00bb{}\u00bb sticky_enabled=\u00bb0&#8243;]<\/p>\n<p><strong>Participaci\u00f3n en Olimp\u00edadas<\/strong><\/p>\n<p>[\/et_pb_text][et_pb_text admin_label=\u00bbText\u00bb _builder_version=\u00bb4.27.6&#8243; background_size=\u00bbinitial\u00bb background_position=\u00bbtop_left\u00bb background_repeat=\u00bbrepeat\u00bb hover_enabled=\u00bb0&#8243; global_colors_info=\u00bb{}\u00bb sticky_enabled=\u00bb0&#8243; custom_margin=\u00bb-19px|||||\u00bb]<\/p>\n<p>La participaci\u00f3n de estudiantes de nivel secundario en olimpiadas acad\u00e9micas de distintas<br \/>\u00e1reas se fundamenta en la necesidad de promover experiencias educativas desafiantes que<br \/>potencien el desarrollo del pensamiento cr\u00edtico, la creatividad y la profundizaci\u00f3n de los<br \/>conocimientos disciplinares. Estas instancias constituyen espacios de aprendizaje<br \/>significativo donde los estudiantes pueden poner en juego sus habilidades, intereses y<br \/>capacidades, trascendiendo los l\u00edmites del aula y enfrent\u00e1ndose a nuevos problemas y<br \/>contextos.<br \/>Asimismo, las olimpiadas fomentan la cultura del esfuerzo, la perseverancia y la<br \/>autonom\u00eda en el aprendizaje, al tiempo que estimulan la curiosidad intelectual y el gusto<br \/>por el saber. La preparaci\u00f3n y participaci\u00f3n en estas propuestas favorece tambi\u00e9n el<br \/>desarrollo de competencias como la resoluci\u00f3n de problemas, el trabajo en equipo, la<br \/>argumentaci\u00f3n y la comunicaci\u00f3n, fundamentales para la formaci\u00f3n integral de los y las<br \/>j\u00f3venes.<\/p>\n<p>[\/et_pb_text][\/et_pb_column][et_pb_column type=\u00bb2_5&#8243; _builder_version=\u00bb4.16&#8243; custom_padding=\u00bb|||\u00bb global_colors_info=\u00bb{}\u00bb custom_padding__hover=\u00bb|||\u00bb][\/et_pb_column][\/et_pb_row][et_pb_row admin_label=\u00bbrow\u00bb _builder_version=\u00bb4.16&#8243; background_size=\u00bbinitial\u00bb background_position=\u00bbtop_left\u00bb background_repeat=\u00bbrepeat\u00bb global_colors_info=\u00bb{}\u00bb column_structure=\u00bb3_5,2_5&#8243;][et_pb_column type=\u00bb3_5&#8243; _builder_version=\u00bb4.16&#8243; custom_padding=\u00bb|||\u00bb global_colors_info=\u00bb{}\u00bb custom_padding__hover=\u00bb|||\u00bb][et_pb_text admin_label=\u00bbText\u00bb _builder_version=\u00bb4.27.6&#8243; background_size=\u00bbinitial\u00bb background_position=\u00bbtop_left\u00bb background_repeat=\u00bbrepeat\u00bb hover_enabled=\u00bb0&#8243; global_colors_info=\u00bb{}\u00bb sticky_enabled=\u00bb0&#8243;]<\/p>\n<p><strong>Muestra anual<\/strong><\/p>\n<p>[\/et_pb_text][et_pb_text admin_label=\u00bbText\u00bb _builder_version=\u00bb4.27.6&#8243; background_size=\u00bbinitial\u00bb background_position=\u00bbtop_left\u00bb background_repeat=\u00bbrepeat\u00bb hover_enabled=\u00bb0&#8243; global_colors_info=\u00bb{}\u00bb sticky_enabled=\u00bb0&#8243; custom_margin=\u00bb-19px|||||\u00bb]<\/p>\n<p>Nuestra muestra anual se fundamenta en la necesidad de generar un espacio de<br \/>integraci\u00f3n, socializaci\u00f3n y puesta en valor de los aprendizajes construidos a lo largo del<br \/>a\u00f1o. Esta instancia permite visibilizar los procesos y producciones de los estudiantes en las distintas \u00e1reas, promoviendo una mirada integral del conocimiento que trasciende la fragmentaci\u00f3n disciplinar.<br \/>A trav\u00e9s de la muestra, la escuela se abre a la comunidad, fortaleciendo los v\u00ednculos con las familias y otros actores sociales, y compartiendo el trabajo pedag\u00f3gico que se desarrolla cotidianamente en el aula. Este encuentro no solo expone resultados, sino que tambi\u00e9n pone en primer plano los recorridos, los desaf\u00edos y las experiencias significativas que forman parte del proceso educativo.<br \/>Asimismo, la organizaci\u00f3n y participaci\u00f3n en la muestra anual favorecen el desarrollo de habilidades como la planificaci\u00f3n, el trabajo en equipo, la comunicaci\u00f3n y la creatividad. Los estudiantes asumen un rol activo y protag\u00f3nico, al presentar, explicar y reflexionar sobre sus producciones, fortaleciendo su autonom\u00eda y su capacidad de expresi\u00f3n.<\/p>\n<p>[\/et_pb_text][\/et_pb_column][et_pb_column type=\u00bb2_5&#8243; _builder_version=\u00bb4.16&#8243; custom_padding=\u00bb|||\u00bb global_colors_info=\u00bb{}\u00bb custom_padding__hover=\u00bb|||\u00bb][\/et_pb_column][\/et_pb_row][et_pb_row admin_label=\u00bbrow\u00bb _builder_version=\u00bb4.16&#8243; background_size=\u00bbinitial\u00bb background_position=\u00bbtop_left\u00bb background_repeat=\u00bbrepeat\u00bb global_colors_info=\u00bb{}\u00bb column_structure=\u00bb3_5,2_5&#8243;][et_pb_column type=\u00bb3_5&#8243; _builder_version=\u00bb4.16&#8243; custom_padding=\u00bb|||\u00bb global_colors_info=\u00bb{}\u00bb custom_padding__hover=\u00bb|||\u00bb][et_pb_text admin_label=\u00bbText\u00bb _builder_version=\u00bb4.27.6&#8243; background_size=\u00bbinitial\u00bb background_position=\u00bbtop_left\u00bb background_repeat=\u00bbrepeat\u00bb hover_enabled=\u00bb0&#8243; global_colors_info=\u00bb{}\u00bb sticky_enabled=\u00bb0&#8243;]<\/p>\n<p><strong>Propuesta interdisciplinaria \u2013 ESI<\/strong><\/p>\n<p>[\/et_pb_text][et_pb_text admin_label=\u00bbText\u00bb _builder_version=\u00bb4.27.6&#8243; background_size=\u00bbinitial\u00bb background_position=\u00bbtop_left\u00bb background_repeat=\u00bbrepeat\u00bb hover_enabled=\u00bb0&#8243; global_colors_info=\u00bb{}\u00bb sticky_enabled=\u00bb0&#8243; custom_margin=\u00bb-19px|||||\u00bb]<\/p>\n<p>La implementaci\u00f3n de un proyecto anual de Educaci\u00f3n Sexual Integral encuentra su raz\u00f3n en el derecho de los estudiantes a recibir una educaci\u00f3n que promueva el desarrollo pleno de su persona, en un marco de respeto, cuidado y reconocimiento de la diversidad. La Educaci\u00f3n Sexual Integral constituye un enfoque que trasciende lo biol\u00f3gico, incorporando dimensiones afectivas, sociales, culturales y \u00e9ticas, fundamentales para la construcci\u00f3n de v\u00ednculos saludables y el ejercicio de una ciudadan\u00eda responsable.<br \/>Plantea el cuestionamiento de estereotipos, prevenir situaciones de violencia y discriminaci\u00f3n, y fortalecer la toma de decisiones aut\u00f3nomas y responsables sobre sus propios cuerpos y proyectos de vida. Asimismo, promueve el respeto por la diversidad de identidades, orientaciones y expresiones, contribuyendo a la construcci\u00f3n de una escuela inclusiva y libre de prejuicios.<\/p>\n<p>[\/et_pb_text][\/et_pb_column][et_pb_column type=\u00bb2_5&#8243; _builder_version=\u00bb4.16&#8243; custom_padding=\u00bb|||\u00bb global_colors_info=\u00bb{}\u00bb custom_padding__hover=\u00bb|||\u00bb][et_pb_image src=\u00bbhttps:\/\/ciclanus.edu.ar\/wp-content\/uploads\/2026\/04\/ESI-scaled.jpg\u00bb _builder_version=\u00bb4.27.6&#8243; _module_preset=\u00bbdefault\u00bb title_text=\u00bbESI\u00bb hover_enabled=\u00bb0&#8243; sticky_enabled=\u00bb0&#8243; custom_padding=\u00bb||0px|||\u00bb][\/et_pb_image][\/et_pb_column][\/et_pb_row][et_pb_row admin_label=\u00bbrow\u00bb _builder_version=\u00bb4.16&#8243; background_size=\u00bbinitial\u00bb background_position=\u00bbtop_left\u00bb background_repeat=\u00bbrepeat\u00bb global_colors_info=\u00bb{}\u00bb column_structure=\u00bb3_5,2_5&#8243;][et_pb_column type=\u00bb3_5&#8243; _builder_version=\u00bb4.16&#8243; custom_padding=\u00bb|||\u00bb global_colors_info=\u00bb{}\u00bb custom_padding__hover=\u00bb|||\u00bb][et_pb_text admin_label=\u00bbText\u00bb _builder_version=\u00bb4.27.6&#8243; background_size=\u00bbinitial\u00bb background_position=\u00bbtop_left\u00bb background_repeat=\u00bbrepeat\u00bb hover_enabled=\u00bb0&#8243; global_colors_info=\u00bb{}\u00bb sticky_enabled=\u00bb0&#8243;]<\/p>\n<p><strong>Propuesta interdisciplinaria \u2013 Educaci\u00f3n Ambiental<\/strong><\/p>\n<p>[\/et_pb_text][et_pb_text admin_label=\u00bbText\u00bb _builder_version=\u00bb4.27.6&#8243; background_size=\u00bbinitial\u00bb background_position=\u00bbtop_left\u00bb background_repeat=\u00bbrepeat\u00bb hover_enabled=\u00bb0&#8243; global_colors_info=\u00bb{}\u00bb sticky_enabled=\u00bb0&#8243; custom_margin=\u00bb-19px|||||\u00bb]<\/p>\n<p>La educaci\u00f3n ambiental se presenta hoy como un eje central en la formaci\u00f3n de nuestros estudiantes, incentivando el compromiso con el cuidado del entorno y el desarrollo sostenible. En un contexto atravesado por problem\u00e1ticas como el cambio clim\u00e1tico, la contaminaci\u00f3n y la p\u00e9rdida de biodiversidad, la escuela tiene la responsabilidad de promover una conciencia cr\u00edtica que permita comprender la relaci\u00f3n entre las acciones humanas y el ambiente.<br \/>Proponemos el fomento de valores como el respeto por la naturaleza, la responsabilidad colectiva y la participaci\u00f3n activa en la b\u00fasqueda de soluciones. Asimismo, buscamos fortalecer el v\u00ednculo entre la escuela y la comunidad, promoviendo pr\u00e1cticas concretas que contribuyan al cuidado del entorno local.<\/p>\n<p>[\/et_pb_text][\/et_pb_column][et_pb_column type=\u00bb2_5&#8243; _builder_version=\u00bb4.16&#8243; custom_padding=\u00bb|||\u00bb global_colors_info=\u00bb{}\u00bb custom_padding__hover=\u00bb|||\u00bb][\/et_pb_column][\/et_pb_row][\/et_pb_section]<\/p>\n","protected":false},"excerpt":{"rendered":"<p>Nuestro EquipoSoledad Bernachea (Directora) Nicolas Zadubiec (Vicedirector) Agustina Videl (Secretaria)Nuestros Proyectos\u00bbCompetencias Digitales para el siglo XXI\u00bb &#8211; Digital Junior (UTN)El Programa Digital Junior de la UTN (Universidad Tecnol\u00f3gica Nacional) es una iniciativa destacada de certificaci\u00f3n de competencias digitales para instituciones educativas (primaria y secundaria), con m\u00e1s de 20 a\u00f1os de trayectoria. Avalado por la Universidad [&hellip;]<\/p>\n","protected":false},"author":4,"featured_media":0,"parent":15,"menu_order":0,"comment_status":"closed","ping_status":"closed","template":"","meta":{"_et_pb_use_builder":"on","_et_pb_old_content":"<p><a href=\"mailto:inicial@ciclanus.edu.ar\">inicial@ciclanus.edu.ar<\/a><br><\/p><h3><strong>Nivel Medio<\/strong><\/h3>","_et_gb_content_width":"","footnotes":""},"class_list":["post-1004","page","type-page","status-publish","hentry"],"_links":{"self":[{"href":"https:\/\/ciclanus.edu.ar\/index.php?rest_route=\/wp\/v2\/pages\/1004","targetHints":{"allow":["GET"]}}],"collection":[{"href":"https:\/\/ciclanus.edu.ar\/index.php?rest_route=\/wp\/v2\/pages"}],"about":[{"href":"https:\/\/ciclanus.edu.ar\/index.php?rest_route=\/wp\/v2\/types\/page"}],"author":[{"embeddable":true,"href":"https:\/\/ciclanus.edu.ar\/index.php?rest_route=\/wp\/v2\/users\/4"}],"replies":[{"embeddable":true,"href":"https:\/\/ciclanus.edu.ar\/index.php?rest_route=%2Fwp%2Fv2%2Fcomments&post=1004"}],"version-history":[{"count":7,"href":"https:\/\/ciclanus.edu.ar\/index.php?rest_route=\/wp\/v2\/pages\/1004\/revisions"}],"predecessor-version":[{"id":1952,"href":"https:\/\/ciclanus.edu.ar\/index.php?rest_route=\/wp\/v2\/pages\/1004\/revisions\/1952"}],"up":[{"embeddable":true,"href":"https:\/\/ciclanus.edu.ar\/index.php?rest_route=\/wp\/v2\/pages\/15"}],"wp:attachment":[{"href":"https:\/\/ciclanus.edu.ar\/index.php?rest_route=%2Fwp%2Fv2%2Fmedia&parent=1004"}],"curies":[{"name":"wp","href":"https:\/\/api.w.org\/{rel}","templated":true}]}}