{"id":1032,"date":"2022-07-15T19:53:30","date_gmt":"2022-07-15T22:53:30","guid":{"rendered":"https:\/\/ciclanus.edu.ar\/?page_id=1032"},"modified":"2026-04-06T06:11:42","modified_gmt":"2026-04-06T09:11:42","slug":"noticias","status":"publish","type":"page","link":"https:\/\/ciclanus.edu.ar\/?page_id=1032","title":{"rendered":"Noticias"},"content":{"rendered":"<p>[et_pb_section fb_built=\u00bb1&#8243; admin_label=\u00bbT\u00edtulo\u00bb _builder_version=\u00bb4.19.5&#8243; background_color=\u00bb#FFFFFF\u00bb transform_origin=\u00bb50%|51%\u00bb width=\u00bb100%\u00bb max_width=\u00bb100%\u00bb min_height=\u00bb137.5px\u00bb custom_margin=\u00bb||-1px|||\u00bb custom_padding=\u00bb4px||4px||true|\u00bb da_disable_devices=\u00bboff|off|off\u00bb locked=\u00bboff\u00bb global_colors_info=\u00bb{}\u00bb da_is_popup=\u00bboff\u00bb da_exit_intent=\u00bboff\u00bb da_has_close=\u00bbon\u00bb da_alt_close=\u00bboff\u00bb da_dark_close=\u00bboff\u00bb da_not_modal=\u00bbon\u00bb da_is_singular=\u00bboff\u00bb da_with_loader=\u00bboff\u00bb da_has_shadow=\u00bbon\u00bb][et_pb_row _builder_version=\u00bb4.19.5&#8243; _module_preset=\u00bbdefault\u00bb transform_scale=\u00bb123%|123%\u00bb width=\u00bb100%\u00bb min_height=\u00bb111.8px\u00bb global_colors_info=\u00bb{}\u00bb][et_pb_column type=\u00bb4_4&#8243; _builder_version=\u00bb4.19.5&#8243; _module_preset=\u00bbdefault\u00bb global_colors_info=\u00bb{}\u00bb][et_pb_text _builder_version=\u00bb4.19.5&#8243; _module_preset=\u00bbdefault\u00bb text_font=\u00bb|700|||||||\u00bb text_text_color=\u00bb#0C71C3&#8243; text_font_size=\u00bb60px\u00bb text_letter_spacing=\u00bb23px\u00bb width=\u00bb100%\u00bb custom_margin=\u00bb19px|||||\u00bb global_colors_info=\u00bb{}\u00bb]<\/p>\n<p>\u00daLTIMAS NOVEDADES<\/p>\n<p>[\/et_pb_text][\/et_pb_column][\/et_pb_row][\/et_pb_section][et_pb_section fb_built=\u00bb1&#8243; _builder_version=\u00bb4.27.6&#8243; _module_preset=\u00bbdefault\u00bb background_color=\u00bb#E02B20&#8243; min_height=\u00bb82px\u00bb custom_margin=\u00bb-3px|||||\u00bb custom_padding=\u00bb||0px|||\u00bb hover_enabled=\u00bb0&#8243; da_disable_devices=\u00bboff|off|off\u00bb global_colors_info=\u00bb{}\u00bb disabled_on=\u00bbon|on|on\u00bb disabled=\u00bbon\u00bb sticky_enabled=\u00bb0&#8243; da_is_popup=\u00bboff\u00bb da_exit_intent=\u00bboff\u00bb da_has_close=\u00bbon\u00bb da_alt_close=\u00bboff\u00bb da_dark_close=\u00bboff\u00bb da_not_modal=\u00bbon\u00bb da_is_singular=\u00bboff\u00bb da_with_loader=\u00bboff\u00bb da_has_shadow=\u00bbon\u00bb][et_pb_row _builder_version=\u00bb4.19.5&#8243; _module_preset=\u00bbdefault\u00bb custom_margin=\u00bb-69px|auto||auto||\u00bb custom_padding=\u00bb43px||0px|||\u00bb global_colors_info=\u00bb{}\u00bb][et_pb_column type=\u00bb4_4&#8243; _builder_version=\u00bb4.19.5&#8243; _module_preset=\u00bbdefault\u00bb global_colors_info=\u00bb{}\u00bb][et_pb_text _builder_version=\u00bb4.19.5&#8243; _module_preset=\u00bbdefault\u00bb text_font=\u00bb|700||on|||||\u00bb text_text_color=\u00bb#FFFFFF\u00bb text_font_size=\u00bb26px\u00bb header_font=\u00bb|700|||||||\u00bb header_text_color=\u00bb#FFFFFF\u00bb header_font_size=\u00bb44px\u00bb background_color=\u00bb#E02B20&#8243; text_orientation=\u00bbcenter\u00bb min_height=\u00bb96px\u00bb custom_margin=\u00bb||16px|||\u00bb custom_padding=\u00bb||1px|||\u00bb global_colors_info=\u00bb{}\u00bb]<\/p>\n<p>FORMULARIO DE INSCRIPCI\u00d3N COMISIONES EVALUADORAS<\/p>\n<p>NIVEL SECUNDARIO<\/p>\n<p>[\/et_pb_text][\/et_pb_column][\/et_pb_row][\/et_pb_section][et_pb_section fb_built=\u00bb1&#8243; _builder_version=\u00bb4.19.5&#8243; _module_preset=\u00bbdefault\u00bb background_color=\u00bb#FFFFFF\u00bb min_height=\u00bb89px\u00bb custom_margin=\u00bb-14px|||||\u00bb custom_padding=\u00bb32px||1px|||\u00bb da_disable_devices=\u00bboff|off|off\u00bb global_colors_info=\u00bb{}\u00bb da_is_popup=\u00bboff\u00bb da_exit_intent=\u00bboff\u00bb da_has_close=\u00bbon\u00bb da_alt_close=\u00bboff\u00bb da_dark_close=\u00bboff\u00bb da_not_modal=\u00bbon\u00bb da_is_singular=\u00bboff\u00bb da_with_loader=\u00bboff\u00bb da_has_shadow=\u00bbon\u00bb][\/et_pb_section][et_pb_section fb_built=\u00bb1&#8243; _builder_version=\u00bb4.27.6&#8243; _module_preset=\u00bbdefault\u00bb background_color=\u00bb#FFFFFF\u00bb custom_padding=\u00bb0px||3px|||\u00bb hover_enabled=\u00bb0&#8243; da_disable_devices=\u00bboff|off|off\u00bb global_colors_info=\u00bb{}\u00bb disabled_on=\u00bbon|on|on\u00bb disabled=\u00bbon\u00bb sticky_enabled=\u00bb0&#8243; da_is_popup=\u00bboff\u00bb da_exit_intent=\u00bboff\u00bb da_has_close=\u00bbon\u00bb da_alt_close=\u00bboff\u00bb da_dark_close=\u00bboff\u00bb da_not_modal=\u00bbon\u00bb da_is_singular=\u00bboff\u00bb da_with_loader=\u00bboff\u00bb da_has_shadow=\u00bbon\u00bb][et_pb_row column_structure=\u00bb1_2,1_2&#8243; _builder_version=\u00bb4.19.5&#8243; _module_preset=\u00bbdefault\u00bb min_height=\u00bb156px\u00bb custom_padding=\u00bb5px||0px|||\u00bb global_colors_info=\u00bb{}\u00bb][et_pb_column type=\u00bb1_2&#8243; _builder_version=\u00bb4.19.5&#8243; _module_preset=\u00bbdefault\u00bb global_colors_info=\u00bb{}\u00bb][et_pb_text _builder_version=\u00bb4.19.5&#8243; _module_preset=\u00bbdefault\u00bb text_text_color=\u00bb#e02b20&#8243; text_line_height=\u00bb1em\u00bb text_orientation=\u00bbcenter\u00bb global_colors_info=\u00bb{}\u00bb]<\/p>\n<p><strong><span style=\"text-decoration: underline;\">COMPLETA CARRERA:<\/span><\/strong><\/p>\n<p>&#8211; ABRIL: del 17 al 24<\/p>\n<p>&#8211; JUNIO: del 19 al 23<\/p>\n<p>&#8211; AGOSTO: del 14 al 19<\/p>\n<p style=\"text-align: center;\">&#8211; OCTUBRE: del 9 al 14<\/p>\n<p style=\"text-align: center;\">&#8211; DICIEMBRE: fechas a confirmar<\/p>\n<p style=\"text-align: center;\">[\/et_pb_text][\/et_pb_column][et_pb_column type=\u00bb1_2&#8243; _builder_version=\u00bb4.19.5&#8243; _module_preset=\u00bbdefault\u00bb global_colors_info=\u00bb{}\u00bb][et_pb_text _builder_version=\u00bb4.19.5&#8243; _module_preset=\u00bbdefault\u00bb text_text_color=\u00bb#e02b20&#8243; text_line_height=\u00bb1em\u00bb text_orientation=\u00bbcenter\u00bb global_colors_info=\u00bb{}\u00bb]<\/p>\n<p><strong><span style=\"text-decoration: underline;\">PENDIENTES Y EQUIVALENCIAS:<\/span><\/strong><\/p>\n<p>&#8211; AGOSTO: del 31\/07 al 12<\/p>\n<p style=\"text-align: center;\">&#8211; DICIEMBRE: fechas a confirmar<\/p>\n<p style=\"text-align: center;\">[\/et_pb_text][et_pb_button button_url=\u00bbhttps:\/\/docs.google.com\/forms\/d\/e\/1FAIpQLSdabcfDZO4hyYyycF9JGf62lWq9b49pHh8MnnivqZeRJLwk7Q\/viewform\u00bb button_text=\u00bbClic Aqu\u00ed para Inscribirse\u00bb button_alignment=\u00bbcenter\u00bb _builder_version=\u00bb4.19.5&#8243; _module_preset=\u00bbdefault\u00bb custom_button=\u00bbon\u00bb button_text_color=\u00bb#e02b20&#8243; custom_margin=\u00bb-12px|||||\u00bb global_colors_info=\u00bb{}\u00bb][\/et_pb_button][\/et_pb_column][\/et_pb_row][\/et_pb_section][et_pb_section fb_built=\u00bb1&#8243; _builder_version=\u00bb4.27.6&#8243; _module_preset=\u00bbdefault\u00bb background_color=\u00bb#e02b20&#8243; max_width=\u00bb100%\u00bb min_height=\u00bb91px\u00bb height=\u00bb100px\u00bb max_height=\u00bb100px\u00bb custom_margin=\u00bb-3px||-54px|||\u00bb custom_padding=\u00bb11px||0px|||\u00bb hover_enabled=\u00bb0&#8243; da_disable_devices=\u00bboff|off|off\u00bb global_colors_info=\u00bb{}\u00bb disabled_on=\u00bbon|on|on\u00bb disabled=\u00bbon\u00bb sticky_enabled=\u00bb0&#8243; da_is_popup=\u00bboff\u00bb da_exit_intent=\u00bboff\u00bb da_has_close=\u00bbon\u00bb da_alt_close=\u00bboff\u00bb da_dark_close=\u00bboff\u00bb da_not_modal=\u00bbon\u00bb da_is_singular=\u00bboff\u00bb da_with_loader=\u00bboff\u00bb da_has_shadow=\u00bbon\u00bb][et_pb_row _builder_version=\u00bb4.19.5&#8243; _module_preset=\u00bbdefault\u00bb min_height=\u00bb93px\u00bb custom_padding=\u00bb6px|||||\u00bb global_colors_info=\u00bb{}\u00bb][et_pb_column type=\u00bb4_4&#8243; _builder_version=\u00bb4.19.5&#8243; _module_preset=\u00bbdefault\u00bb global_colors_info=\u00bb{}\u00bb][et_pb_text _builder_version=\u00bb4.19.5&#8243; _module_preset=\u00bbdefault\u00bb text_text_color=\u00bb#FFFFFF\u00bb text_font_size=\u00bb17px\u00bb min_height=\u00bb73px\u00bb custom_margin=\u00bb-6px||-13px|||\u00bb custom_padding=\u00bb0px||0px|||\u00bb global_colors_info=\u00bb{}\u00bb]<\/p>\n<p style=\"text-align: justify;\"><span>Les solicitamos que para la inscripci\u00f3n a la instancia evaluativa correspondiente, completen el formulario, teniendo como <\/span><span>\u00a0plazo m\u00e1ximo hasta 20 d\u00edas antes que se lleve a cabo cada <\/span><span>comisi\u00f3n<\/span><span>\u00a0evaluadora.\u00a0Este es el \u00fanico medio para la inscripci\u00f3n, por lo que queda inhabilitado y sin posibilidad de inscripci\u00f3n por otra v\u00eda.<\/span><\/p>\n<p>[\/et_pb_text][\/et_pb_column][\/et_pb_row][\/et_pb_section][et_pb_section fb_built=\u00bb1&#8243; _builder_version=\u00bb4.21.0&#8243; _module_preset=\u00bbdefault\u00bb background_color=\u00bbrgba(255,255,255,0.79)\u00bb min_height=\u00bb168px\u00bb custom_margin=\u00bb54px|||||\u00bb custom_padding=\u00bb11px|||||\u00bb da_disable_devices=\u00bboff|off|off\u00bb global_colors_info=\u00bb{}\u00bb da_is_popup=\u00bboff\u00bb da_exit_intent=\u00bboff\u00bb da_has_close=\u00bbon\u00bb da_alt_close=\u00bboff\u00bb da_dark_close=\u00bboff\u00bb da_not_modal=\u00bbon\u00bb da_is_singular=\u00bboff\u00bb da_with_loader=\u00bboff\u00bb da_has_shadow=\u00bbon\u00bb][\/et_pb_section][et_pb_section fb_built=\u00bb1&#8243; admin_label=\u00bbCategorias\u00bb _builder_version=\u00bb4.17.6&#8243; background_color=\u00bb#FFFFFF\u00bb custom_padding=\u00bb2px||0px|||\u00bb da_disable_devices=\u00bboff|off|off\u00bb locked=\u00bboff\u00bb global_colors_info=\u00bb{}\u00bb da_is_popup=\u00bboff\u00bb da_exit_intent=\u00bboff\u00bb da_has_close=\u00bbon\u00bb da_alt_close=\u00bboff\u00bb da_dark_close=\u00bboff\u00bb da_not_modal=\u00bbon\u00bb da_is_singular=\u00bboff\u00bb da_with_loader=\u00bboff\u00bb da_has_shadow=\u00bbon\u00bb][et_pb_row column_structure=\u00bb1_6,1_6,1_6,1_6,1_6,1_6&#8243; use_custom_gutter=\u00bbon\u00bb gutter_width=\u00bb2&#8243; _builder_version=\u00bb4.16&#8243; locked=\u00bboff\u00bb global_colors_info=\u00bb{}\u00bb custom_margin=\u00bb|335px||auto||\u00bb][et_pb_column type=\u00bb1_6&#8243; _builder_version=\u00bb4.16&#8243; global_colors_info=\u00bb{}\u00bb][et_pb_text _builder_version=\u00bb4.19.5&#8243; text_font=\u00bb|700|||||||\u00bb text_text_color=\u00bb#000000&#8243; text_font_size=\u00bb1vw\u00bb header_6_font=\u00bb|700||on|||||\u00bb header_6_font_size=\u00bb11px\u00bb header_6_letter_spacing=\u00bb2px\u00bb header_6_line_height=\u00bb1.8em\u00bb background_color=\u00bbrgba(0,0,0,0.06)\u00bb custom_padding=\u00bb1vh||1vh|2vw|true|false\u00bb link_option_url=\u00bbhttps:\/\/ciclanus.edu.ar\/?page_id=15&#8243; border_width_left=\u00bb8px\u00bb locked=\u00bboff\u00bb global_colors_info=\u00bb{}\u00bb border_width_left__hover_enabled=\u00bbon|hover\u00bb border_width_left__hover=\u00bb12px\u00bb]<\/p>\n<p>Nivel Inicial<\/p>\n<p>[\/et_pb_text][\/et_pb_column][et_pb_column type=\u00bb1_6&#8243; _builder_version=\u00bb4.16&#8243; global_colors_info=\u00bb{}\u00bb][et_pb_text _builder_version=\u00bb4.21.0&#8243; text_font=\u00bb|700|||||||\u00bb text_text_color=\u00bb#000000&#8243; text_font_size=\u00bb1vw\u00bb header_6_font=\u00bb|700||on|||||\u00bb header_6_font_size=\u00bb11px\u00bb header_6_letter_spacing=\u00bb2px\u00bb header_6_line_height=\u00bb1.8em\u00bb background_color=\u00bbrgba(0,0,0,0.06)\u00bb custom_margin=\u00bb|-19px||||\u00bb custom_padding=\u00bb1vh|2vw|1vh|2vw|true|false\u00bb link_option_url=\u00bbhttps:\/\/ciclanus.edu.ar\/?page_id=893&#8243; border_width_left=\u00bb8px\u00bb locked=\u00bboff\u00bb global_colors_info=\u00bb{}\u00bb border_width_left__hover_enabled=\u00bbon|hover\u00bb border_width_left__hover=\u00bb12px\u00bb]<\/p>\n<p>Nivel Primario<\/p>\n<p>[\/et_pb_text][\/et_pb_column][et_pb_column type=\u00bb1_6&#8243; _builder_version=\u00bb4.16&#8243; global_colors_info=\u00bb{}\u00bb][et_pb_text _builder_version=\u00bb4.27.6&#8243; text_font=\u00bb|700|||||||\u00bb text_text_color=\u00bb#000000&#8243; text_font_size=\u00bb1vw\u00bb header_6_font=\u00bb|700||on|||||\u00bb header_6_font_size=\u00bb11px\u00bb header_6_letter_spacing=\u00bb2px\u00bb header_6_line_height=\u00bb1.8em\u00bb background_color=\u00bbrgba(0,0,0,0.06)\u00bb width=\u00bb99.2%\u00bb custom_padding=\u00bb1vh|0px|1vh|2vw|true|false\u00bb link_option_url=\u00bbhttps:\/\/ciclanus.edu.ar\/?page_id=894&#8243; hover_enabled=\u00bb0&#8243; border_width_left=\u00bb8px\u00bb locked=\u00bboff\u00bb global_colors_info=\u00bb{}\u00bb border_width_left__hover_enabled=\u00bbon|hover\u00bb border_width_left__hover=\u00bb12px\u00bb custom_margin=\u00bb|-11px||||\u00bb sticky_enabled=\u00bb0&#8243;]<\/p>\n<p>Nivel Secundario<\/p>\n<p>[\/et_pb_text][\/et_pb_column][et_pb_column type=\u00bb1_6&#8243; _builder_version=\u00bb4.21.0&#8243; _module_preset=\u00bbdefault\u00bb global_colors_info=\u00bb{}\u00bb][\/et_pb_column][et_pb_column type=\u00bb1_6&#8243; _builder_version=\u00bb4.16&#8243; global_colors_info=\u00bb{}\u00bb][et_pb_text _builder_version=\u00bb4.19.5&#8243; text_font=\u00bb|700|||||||\u00bb text_text_color=\u00bb#000000&#8243; text_font_size=\u00bb1vw\u00bb header_6_font=\u00bb|700||on|||||\u00bb header_6_font_size=\u00bb11px\u00bb header_6_letter_spacing=\u00bb2px\u00bb header_6_line_height=\u00bb1.8em\u00bb background_color=\u00bbrgba(0,0,0,0.06)\u00bb custom_margin=\u00bb|-19px||||\u00bb custom_padding=\u00bb1vh||1vh|2vw|true|false\u00bb link_option_url=\u00bbhttps:\/\/deioweb.com.ar\/SAG\/\u00bb border_width_left=\u00bb8px\u00bb locked=\u00bboff\u00bb global_colors_info=\u00bb{}\u00bb border_width_left__hover_enabled=\u00bbon|hover\u00bb border_width_left__hover=\u00bb12px\u00bb]<\/p>\n<p>Autogesti\u00f3n familias<\/p>\n<p>[\/et_pb_text][\/et_pb_column][et_pb_column type=\u00bb1_6&#8243; _builder_version=\u00bb4.16&#8243; global_colors_info=\u00bb{}\u00bb][et_pb_text _builder_version=\u00bb4.19.5&#8243; text_font=\u00bb|700|||||||\u00bb text_text_color=\u00bb#000000&#8243; text_font_size=\u00bb1vw\u00bb header_6_font=\u00bb|700||on|||||\u00bb header_6_font_size=\u00bb11px\u00bb header_6_letter_spacing=\u00bb2px\u00bb header_6_line_height=\u00bb1.8em\u00bb background_color=\u00bbrgba(0,0,0,0.06)\u00bb custom_padding=\u00bb1vh||1vh|2vw|true|false\u00bb link_option_url=\u00bbhttps:\/\/ciclanus.edu.ar\/?page_id=908&#8243; border_width_left=\u00bb8px\u00bb locked=\u00bboff\u00bb global_colors_info=\u00bb{}\u00bb border_width_left__hover_enabled=\u00bbon|hover\u00bb border_width_left__hover=\u00bb12px\u00bb]<\/p>\n<p>Contacto<\/p>\n<p>[\/et_pb_text][\/et_pb_column][\/et_pb_row][\/et_pb_section]<\/p>\n","protected":false},"excerpt":{"rendered":"<p>\u00daLTIMAS NOVEDADESFORMULARIO DE INSCRIPCI\u00d3N COMISIONES EVALUADORAS NIVEL SECUNDARIOCOMPLETA CARRERA: &#8211; ABRIL: del 17 al 24 &#8211; JUNIO: del 19 al 23 &#8211; AGOSTO: del 14 al 19 &#8211; OCTUBRE: del 9 al 14 &#8211; DICIEMBRE: fechas a confirmar PENDIENTES Y EQUIVALENCIAS: &#8211; AGOSTO: del 31\/07 al 12 &#8211; DICIEMBRE: fechas a confirmar Les solicitamos que [&hellip;]<\/p>\n","protected":false},"author":4,"featured_media":0,"parent":0,"menu_order":0,"comment_status":"closed","ping_status":"closed","template":"","meta":{"_et_pb_use_builder":"on","_et_pb_old_content":"","_et_gb_content_width":"","footnotes":""},"class_list":["post-1032","page","type-page","status-publish","hentry"],"_links":{"self":[{"href":"https:\/\/ciclanus.edu.ar\/index.php?rest_route=\/wp\/v2\/pages\/1032","targetHints":{"allow":["GET"]}}],"collection":[{"href":"https:\/\/ciclanus.edu.ar\/index.php?rest_route=\/wp\/v2\/pages"}],"about":[{"href":"https:\/\/ciclanus.edu.ar\/index.php?rest_route=\/wp\/v2\/types\/page"}],"author":[{"embeddable":true,"href":"https:\/\/ciclanus.edu.ar\/index.php?rest_route=\/wp\/v2\/users\/4"}],"replies":[{"embeddable":true,"href":"https:\/\/ciclanus.edu.ar\/index.php?rest_route=%2Fwp%2Fv2%2Fcomments&post=1032"}],"version-history":[{"count":59,"href":"https:\/\/ciclanus.edu.ar\/index.php?rest_route=\/wp\/v2\/pages\/1032\/revisions"}],"predecessor-version":[{"id":1930,"href":"https:\/\/ciclanus.edu.ar\/index.php?rest_route=\/wp\/v2\/pages\/1032\/revisions\/1930"}],"wp:attachment":[{"href":"https:\/\/ciclanus.edu.ar\/index.php?rest_route=%2Fwp%2Fv2%2Fmedia&parent=1032"}],"curies":[{"name":"wp","href":"https:\/\/api.w.org\/{rel}","templated":true}]}}