{"id":1208,"date":"2022-08-24T18:27:11","date_gmt":"2022-08-24T21:27:11","guid":{"rendered":"https:\/\/ciclanus.edu.ar\/?page_id=1208"},"modified":"2023-04-27T18:23:31","modified_gmt":"2023-04-27T21:23:31","slug":"nuestros-proyectos-primario","status":"publish","type":"page","link":"https:\/\/ciclanus.edu.ar\/?page_id=1208","title":{"rendered":"Nuestros Proyectos Primario"},"content":{"rendered":"<p>[et_pb_section fb_built=\u00bb1&#8243; _builder_version=\u00bb4.18.0&#8243; _module_preset=\u00bbdefault\u00bb background_color=\u00bbrgba(0,0,0,0.69)\u00bb height=\u00bb49vh\u00bb da_disable_devices=\u00bboff|off|off\u00bb global_colors_info=\u00bb{}\u00bb da_is_popup=\u00bboff\u00bb da_exit_intent=\u00bboff\u00bb da_has_close=\u00bbon\u00bb da_alt_close=\u00bboff\u00bb da_dark_close=\u00bboff\u00bb da_not_modal=\u00bbon\u00bb da_is_singular=\u00bboff\u00bb da_with_loader=\u00bboff\u00bb da_has_shadow=\u00bbon\u00bb][et_pb_row _builder_version=\u00bb4.18.0&#8243; _module_preset=\u00bbdefault\u00bb background_color=\u00bbRGBA(255,255,255,0)\u00bb global_colors_info=\u00bb{}\u00bb][et_pb_column type=\u00bb4_4&#8243; _builder_version=\u00bb4.18.0&#8243; _module_preset=\u00bbdefault\u00bb global_colors_info=\u00bb{}\u00bb][et_pb_text _builder_version=\u00bb4.18.0&#8243; _module_preset=\u00bbdefault\u00bb text_font=\u00bb|700|||||||\u00bb text_text_color=\u00bb#FFFFFF\u00bb text_font_size=\u00bb5vh\u00bb text_orientation=\u00bbcenter\u00bb custom_margin=\u00bb7vh||10vh||false|false\u00bb global_colors_info=\u00bb{}\u00bb]<\/p>\n<p>Nuestros Proyectos:<\/p>\n<p>[\/et_pb_text][et_pb_text _builder_version=\u00bb4.19.5&#8243; _module_preset=\u00bbdefault\u00bb text_font=\u00bb||||||||\u00bb text_text_color=\u00bb#FFFFFF\u00bb text_font_size=\u00bb2vh\u00bb text_orientation=\u00bbcenter\u00bb hover_enabled=\u00bb0&#8243; global_colors_info=\u00bb{}\u00bb text_letter_spacing=\u00bb1px\u00bb text_line_height=\u00bb1.8em\u00bb sticky_enabled=\u00bb0&#8243;]<\/p>\n<p>Este a\u00f1o, tenemos en marcha los siguientes proyectos, que nos entusiasman y nos invitan a seguir profundizando en saberes integradores necesarios para el desarrollo de la vida en comunidad.<\/p>\n<p>[\/et_pb_text][\/et_pb_column][\/et_pb_row][\/et_pb_section][et_pb_section fb_built=\u00bb1&#8243; _builder_version=\u00bb4.18.0&#8243; _module_preset=\u00bbdefault\u00bb background_color=\u00bb#bc559c\u00bb custom_margin=\u00bb0px||||false|false\u00bb custom_padding=\u00bb0px||||false|false\u00bb da_disable_devices=\u00bboff|off|off\u00bb global_colors_info=\u00bb{}\u00bb da_is_popup=\u00bboff\u00bb da_exit_intent=\u00bboff\u00bb da_has_close=\u00bbon\u00bb da_alt_close=\u00bboff\u00bb da_dark_close=\u00bboff\u00bb da_not_modal=\u00bbon\u00bb da_is_singular=\u00bboff\u00bb da_with_loader=\u00bboff\u00bb da_has_shadow=\u00bbon\u00bb][et_pb_row column_structure=\u00bb1_3,1_3,1_3&#8243; _builder_version=\u00bb4.19.5&#8243; _module_preset=\u00bbdefault\u00bb width=\u00bb100%\u00bb max_width=\u00bb90vw\u00bb hover_enabled=\u00bb0&#8243; global_colors_info=\u00bb{}\u00bb sticky_enabled=\u00bb0&#8243;][et_pb_column type=\u00bb1_3&#8243; _builder_version=\u00bb4.18.0&#8243; _module_preset=\u00bbdefault\u00bb global_colors_info=\u00bb{}\u00bb][et_pb_image src=\u00bbhttps:\/\/ciclanus.edu.ar\/wp-content\/uploads\/2023\/04\/Campamento-Educativo.jpg\u00bb _builder_version=\u00bb4.19.5&#8243; _module_preset=\u00bbdefault\u00bb hover_enabled=\u00bb0&#8243; global_colors_info=\u00bb{}\u00bb title_text=\u00bbCampamento Educativo\u00bb sticky_enabled=\u00bb0&#8243;][\/et_pb_image][et_pb_toggle title=\u00bbCampamento Educativo\u00bb _builder_version=\u00bb4.19.5&#8243; _module_preset=\u00bbdefault\u00bb hover_enabled=\u00bb0&#8243; sticky_enabled=\u00bb0&#8243; custom_margin=\u00bb-45px||||false|false\u00bb title_level=\u00bbh3&#8243; open_toggle_text_color=\u00bb#ffffff\u00bb background_enable_mask_style=\u00bbon\u00bb background_mask_color=\u00bbRGBA(255,255,255,0)\u00bb background_color=\u00bbRGBA(255,255,255,0)\u00bb title_font_size=\u00bb26px\u00bb closed_toggle_text_color=\u00bb#ffffff\u00bb body_text_color=\u00bb#ffffff\u00bb toggle_icon=\u00bb&#x50;||divi||400&#8243; use_icon_font_size=\u00bbon\u00bb icon_font_size=\u00bb24px\u00bb open_icon_color=\u00bb#003df7&#8243; icon_color=\u00bb#003df7&#8243; open_toggle_icon=\u00bb&#x4f;||divi||400&#8243; open_use_icon_font_size=\u00bbon\u00bb open_icon_font_size=\u00bb24px\u00bb]<\/p>\n<p>Este proyecto surge con el prop\u00f3sito de que nuestros estudiantes<br \/>puedan vivir experiencias que potencien su crecimiento integral.<br \/>Las actividades que se plantean en el mismo, tienen como finalidad<br \/>trabajar desde los valores de la empat\u00eda, el cuidado del medio<br \/>ambiente (casa com\u00fan) en continua interacci\u00f3n, el conocimiento y<br \/>reconociendo del otro, la solidaridad, el cuidado, etc.<br \/>Este campamento, que se desarrolla en Tandil, se une a una serie<br \/>de campamentos y salidas que realiza la instituci\u00f3n, en los<br \/>diferentes niveles, convencidos que este es un espacio de<br \/>crecimiento grupal e individual.<\/p>\n<p>[\/et_pb_toggle][et_pb_image src=\u00bbhttps:\/\/ciclanus.edu.ar\/wp-content\/uploads\/2023\/04\/Resignificacion-de-los-AIC.jpg\u00bb _builder_version=\u00bb4.19.5&#8243; _module_preset=\u00bbdefault\u00bb hover_enabled=\u00bb0&#8243; global_colors_info=\u00bb{}\u00bb title_text=\u00bbResignificaci\u00f3n de los AIC\u00bb sticky_enabled=\u00bb0&#8243;][\/et_pb_image][et_pb_toggle title=\u00bbResignificaci\u00f3n de los AIC (Acuerdo Institucional de Convivencia)\u00bb _builder_version=\u00bb4.19.5&#8243; _module_preset=\u00bbdefault\u00bb hover_enabled=\u00bb0&#8243; sticky_enabled=\u00bb0&#8243; custom_margin=\u00bb-45px||||false|false\u00bb title_level=\u00bbh3&#8243; open_toggle_text_color=\u00bb#ffffff\u00bb background_enable_mask_style=\u00bbon\u00bb background_mask_color=\u00bbRGBA(255,255,255,0)\u00bb background_color=\u00bbRGBA(255,255,255,0)\u00bb title_font_size=\u00bb26px\u00bb closed_toggle_text_color=\u00bb#ffffff\u00bb body_text_color=\u00bb#ffffff\u00bb icon_color=\u00bb#003df7&#8243; use_icon_font_size=\u00bbon\u00bb icon_font_size=\u00bb24px\u00bb open_icon_color=\u00bb#003df7&#8243; open_use_icon_font_size=\u00bbon\u00bb open_icon_font_size=\u00bb24px\u00bb toggle_icon=\u00bb&#x50;||divi||400&#8243; open_toggle_icon=\u00bb&#x4f;||divi||400&#8243;]<\/p>\n<p>Como comunidad de Educadores Azules, trabajamos para que<br \/>nuestros estudiantes sean cr\u00edticos, creativos y que tengan una<br \/>participaci\u00f3n ciudadana democr\u00e1tica y activa, articulando desde la<br \/>experiencia e inspiraci\u00f3n de valores, como, el cuidado de la casa<br \/>com\u00fan, los iconos y la vida de Jes\u00fas.<br \/>Nuestro prop\u00f3sito es generar trabajo en equipo desde un enfoque<br \/>interdisciplinario y colaborativo, con una activa participaci\u00f3n<br \/>democr\u00e1tica para alcanzar una educaci\u00f3n que fortalezca el juicio<br \/>cr\u00edtico, asumido con libertad, coherencia y empat\u00eda.<\/p>\n<p>[\/et_pb_toggle][\/et_pb_column][et_pb_column type=\u00bb1_3&#8243; _builder_version=\u00bb4.18.0&#8243; _module_preset=\u00bbdefault\u00bb global_colors_info=\u00bb{}\u00bb][et_pb_image src=\u00bbhttps:\/\/ciclanus.edu.ar\/wp-content\/uploads\/2023\/04\/Articulacion-con-Niveles.jpg\u00bb title_text=\u00bbArticulaci\u00f3n con Niveles\u00bb _builder_version=\u00bb4.19.5&#8243; _module_preset=\u00bbdefault\u00bb hover_enabled=\u00bb0&#8243; global_colors_info=\u00bb{}\u00bb sticky_enabled=\u00bb0&#8243;][\/et_pb_image][et_pb_toggle title=\u00bbArticulaci\u00f3n con los diferentes niveles\u00bb _builder_version=\u00bb4.19.5&#8243; _module_preset=\u00bbdefault\u00bb hover_enabled=\u00bb0&#8243; sticky_enabled=\u00bb0&#8243; custom_margin=\u00bb-45px||||false|false\u00bb title_level=\u00bbh3&#8243; open_toggle_text_color=\u00bb#ffffff\u00bb background_enable_mask_style=\u00bbon\u00bb background_mask_color=\u00bbRGBA(255,255,255,0)\u00bb background_color=\u00bbRGBA(255,255,255,0)\u00bb title_font_size=\u00bb26px\u00bb closed_toggle_text_color=\u00bb#ffffff\u00bb body_text_color=\u00bb#ffffff\u00bb icon_color=\u00bb#003df7&#8243; use_icon_font_size=\u00bbon\u00bb icon_font_size=\u00bb24px\u00bb toggle_icon=\u00bb&#x50;||divi||400&#8243; open_icon_color=\u00bb#003df7&#8243; open_use_icon_font_size=\u00bbon\u00bb open_icon_font_size=\u00bb24px\u00bb open_toggle_icon=\u00bb&#x4f;||divi||400&#8243;]<\/p>\n<p>\u201cLa articulaci\u00f3n implica un proceso de toma de decisiones en el<br \/>dise\u00f1o de estrategias y acciones entre niveles, tendientes a facilitar<br \/>el pasaje de los estudiantes de un tramo a otro de la trayectoria<br \/>educativa\u201d.<\/p>\n<p>Tenemos dos proyectos de articulaci\u00f3n, uno con el Nivel Inicial y<br \/>otro con el Nivel Secundario. En ambos se propone llevar a cabo un<br \/>proceso continuo, que requiere de coherencia, consenso y trabajo<br \/>en equipo por parte de los niveles involucrados.<\/p>\n<p>[\/et_pb_toggle][et_pb_image src=\u00bbhttps:\/\/ciclanus.edu.ar\/wp-content\/uploads\/2023\/04\/Nuestra-Identidad-como-Egresados-e1682620522657.jpg\u00bb _builder_version=\u00bb4.19.5&#8243; _module_preset=\u00bbdefault\u00bb hover_enabled=\u00bb0&#8243; global_colors_info=\u00bb{}\u00bb title_text=\u00bbNuestra Identidad como Egresados\u00bb sticky_enabled=\u00bb0&#8243; custom_margin=\u00bb||47px|||\u00bb][\/et_pb_image][et_pb_toggle title=\u00bb\u201cNuestra Identidad como Egresados\u201d\u00bb _builder_version=\u00bb4.19.5&#8243; _module_preset=\u00bbdefault\u00bb hover_enabled=\u00bb0&#8243; sticky_enabled=\u00bb0&#8243; custom_margin=\u00bb-45px||||false|false\u00bb title_level=\u00bbh3&#8243; open_toggle_text_color=\u00bb#ffffff\u00bb background_enable_mask_style=\u00bbon\u00bb background_mask_color=\u00bbRGBA(255,255,255,0)\u00bb background_color=\u00bbRGBA(255,255,255,0)\u00bb title_font_size=\u00bb26px\u00bb closed_toggle_text_color=\u00bb#ffffff\u00bb body_text_color=\u00bb#ffffff\u00bb icon_color=\u00bb#003df7&#8243; use_icon_font_size=\u00bbon\u00bb icon_font_size=\u00bb24px\u00bb open_icon_color=\u00bb#003df7&#8243; open_use_icon_font_size=\u00bbon\u00bb open_icon_font_size=\u00bb24px\u00bb toggle_icon=\u00bb&#x50;||divi||400&#8243; open_toggle_icon=\u00bb&#x4f;||divi||400&#8243;]<\/p>\n<p>Los estudiantes de 5to a\u00f1o a trav\u00e9s de este proyecto eligen su<br \/>campera de egresados para el pr\u00f3ximo a\u00f1o. Se realiza enmarcado<br \/>en el \u00e1rea de Pr\u00e1ctica del Lenguaje, en la formaci\u00f3n como<br \/>estudiante. Se dedican algunos m\u00f3dulos en donde se practica el<br \/>libre ejercicio de la ciudadan\u00eda, los estudiantes dise\u00f1an y votan un<br \/>dise\u00f1o para el pr\u00f3ximo a\u00f1o, fundamentando responsablemente las<br \/>elecciones.<\/p>\n<p>[\/et_pb_toggle][et_pb_image src=\u00bbhttps:\/\/ciclanus.edu.ar\/wp-content\/uploads\/2023\/04\/Emociones-y-ESI-rotated.jpg\u00bb _builder_version=\u00bb4.19.5&#8243; _module_preset=\u00bbdefault\u00bb hover_enabled=\u00bb0&#8243; global_colors_info=\u00bb{}\u00bb title_text=\u00bbEmociones y ESI\u00bb sticky_enabled=\u00bb0&#8243;][\/et_pb_image][et_pb_toggle title=\u00bbEmociones, ESI (Educaci\u00f3n Sexual Integral) \u201cMi cuerpo, mi casa\u201d\u00bb _builder_version=\u00bb4.19.5&#8243; _module_preset=\u00bbdefault\u00bb hover_enabled=\u00bb0&#8243; sticky_enabled=\u00bb0&#8243; custom_margin=\u00bb-45px||||false|false\u00bb title_level=\u00bbh3&#8243; open_toggle_text_color=\u00bb#ffffff\u00bb background_enable_mask_style=\u00bbon\u00bb background_mask_color=\u00bbRGBA(255,255,255,0)\u00bb background_color=\u00bbRGBA(255,255,255,0)\u00bb title_font_size=\u00bb26px\u00bb closed_toggle_text_color=\u00bb#ffffff\u00bb body_text_color=\u00bb#ffffff\u00bb icon_color=\u00bb#003df7&#8243; toggle_icon=\u00bb&#x50;||divi||400&#8243; use_icon_font_size=\u00bbon\u00bb icon_font_size=\u00bb24px\u00bb open_icon_color=\u00bb#003df7&#8243; open_toggle_icon=\u00bb&#x4f;||divi||400&#8243; open_use_icon_font_size=\u00bbon\u00bb open_icon_font_size=\u00bb24px\u00bb]<\/p>\n<p>Si bien este proyecto surge a partir de la sanci\u00f3n de la Ley Nacional<br \/>N\u00ba26.150 de Educaci\u00f3n Sexual Integral, nuestro nivel lo viene<br \/>abordando con cada contenido que trabajan los docentes, que para<br \/>nosotros son lineamientos transversales en cada una de nuestras<br \/>planificaciones, realizando un trabajo integrador continuo. Creemos<br \/>que es el mejor modo de abordarla entendiendo que la sexualidad<br \/>se practica y se expresa en todo lo que somos, sentimos, pensamos<br \/>y hacemos.<\/p>\n<p>[\/et_pb_toggle][\/et_pb_column][et_pb_column type=\u00bb1_3&#8243; _builder_version=\u00bb4.18.0&#8243; _module_preset=\u00bbdefault\u00bb global_colors_info=\u00bb{}\u00bb][et_pb_image src=\u00bbhttps:\/\/ciclanus.edu.ar\/wp-content\/uploads\/2023\/04\/Cuidado.jpg\u00bb _builder_version=\u00bb4.19.5&#8243; _module_preset=\u00bbdefault\u00bb hover_enabled=\u00bb0&#8243; global_colors_info=\u00bb{}\u00bb title_text=\u00bbCuidado\u00bb sticky_enabled=\u00bb0&#8243;][\/et_pb_image][et_pb_toggle title=\u00bbCuidado\u00bb _builder_version=\u00bb4.19.5&#8243; _module_preset=\u00bbdefault\u00bb hover_enabled=\u00bb0&#8243; sticky_enabled=\u00bb0&#8243; custom_margin=\u00bb-45px||||false|false\u00bb title_level=\u00bbh3&#8243; open_toggle_text_color=\u00bb#ffffff\u00bb background_enable_mask_style=\u00bbon\u00bb background_mask_color=\u00bbRGBA(255,255,255,0)\u00bb background_color=\u00bbRGBA(255,255,255,0)\u00bb title_font_size=\u00bb26px\u00bb closed_toggle_text_color=\u00bb#ffffff\u00bb body_text_color=\u00bb#ffffff\u00bb toggle_icon=\u00bb&#x50;||divi||400&#8243; icon_color=\u00bb#003df7&#8243; use_icon_font_size=\u00bbon\u00bb icon_font_size=\u00bb24px\u00bb open_icon_color=\u00bb#003df7&#8243; open_toggle_icon=\u00bb&#x4f;||divi||400&#8243; open_use_icon_font_size=\u00bbon\u00bb open_icon_font_size=\u00bb24px\u00bb]<\/p>\n<p>Este proyecto surge del diagn\u00f3stico participativo que se realiz\u00f3 con<br \/>los docentes; es el emergente de una realidad que hoy nos<br \/>confronta, nos tensiona y nos propone hacer modificaciones de<br \/>formas y de fondo para poder incluirla en nuestras pr\u00e1cticas. Nos<br \/>enfocamos en el cuidado de los ni\u00f1os\/j\u00f3venes y adultos de la<br \/>Instituci\u00f3n no solo a nivel discursivo, sino a trav\u00e9s de las pr\u00e1cticas<br \/>cotidianas, en todos los aspectos ECO-BIO-PSICO-SOCIO- ETICO-<br \/>ESPIRITUAL de la persona.<\/p>\n<p>[\/et_pb_toggle][et_pb_image src=\u00bbhttps:\/\/ciclanus.edu.ar\/wp-content\/uploads\/2023\/04\/Participacion-Ciudadana.jpg\u00bb _builder_version=\u00bb4.19.5&#8243; _module_preset=\u00bbdefault\u00bb hover_enabled=\u00bb0&#8243; global_colors_info=\u00bb{}\u00bb title_text=\u00bbParticipaci\u00f3n Ciudadana\u00bb sticky_enabled=\u00bb0&#8243;][\/et_pb_image][et_pb_toggle title=\u00bbParticipaci\u00f3n Ciudadana\u00bb _builder_version=\u00bb4.19.5&#8243; _module_preset=\u00bbdefault\u00bb hover_enabled=\u00bb0&#8243; sticky_enabled=\u00bb0&#8243; custom_margin=\u00bb-45px||||false|false\u00bb title_level=\u00bbh3&#8243; open_toggle_text_color=\u00bb#ffffff\u00bb background_enable_mask_style=\u00bbon\u00bb background_mask_color=\u00bbRGBA(255,255,255,0)\u00bb background_color=\u00bbRGBA(255,255,255,0)\u00bb title_font_size=\u00bb26px\u00bb closed_toggle_text_color=\u00bb#ffffff\u00bb body_text_color=\u00bb#ffffff\u00bb toggle_icon=\u00bb&#x50;||divi||400&#8243; use_icon_font_size=\u00bbon\u00bb icon_font_size=\u00bb24px\u00bb open_icon_color=\u00bb#003df7&#8243; icon_color=\u00bb#003df7&#8243; open_use_icon_font_size=\u00bbon\u00bb open_icon_font_size=\u00bb24px\u00bb open_toggle_icon=\u00bb&#x4f;||divi||400&#8243;]<\/p>\n<p>Sentimos NECESARIO hacer CIRCULAR LA PALABRA y LAS<br \/>EMOCIONES en un contexto pedag\u00f3gico, para que los estudiantes<br \/>puedan comprender la importancia de escucharse y reflexionar<br \/>sobre las diferentes tem\u00e1ticas.<\/p>\n<p>[\/et_pb_toggle][et_pb_image src=\u00bbhttps:\/\/ciclanus.edu.ar\/wp-content\/uploads\/2023\/04\/Puertas-Abiertas.jpg\u00bb _builder_version=\u00bb4.19.5&#8243; _module_preset=\u00bbdefault\u00bb hover_enabled=\u00bb0&#8243; global_colors_info=\u00bb{}\u00bb title_text=\u00bbPuertas Abiertas\u00bb sticky_enabled=\u00bb0&#8243;][\/et_pb_image][et_pb_toggle title=\u00bbPuertas Abiertas\u00bb _builder_version=\u00bb4.19.5&#8243; _module_preset=\u00bbdefault\u00bb hover_enabled=\u00bb0&#8243; sticky_enabled=\u00bb0&#8243; custom_margin=\u00bb-45px||||false|false\u00bb title_level=\u00bbh3&#8243; open_toggle_text_color=\u00bb#ffffff\u00bb background_enable_mask_style=\u00bbon\u00bb background_mask_color=\u00bbRGBA(255,255,255,0)\u00bb background_color=\u00bbRGBA(255,255,255,0)\u00bb title_font_size=\u00bb26px\u00bb closed_toggle_text_color=\u00bb#ffffff\u00bb body_text_color=\u00bb#ffffff\u00bb icon_color=\u00bb#003df7&#8243; toggle_icon=\u00bb&#x50;||divi||400&#8243; use_icon_font_size=\u00bbon\u00bb icon_font_size=\u00bb24px\u00bb open_icon_color=\u00bb#003df7&#8243; open_use_icon_font_size=\u00bbon\u00bb open_toggle_icon=\u00bb&#x4f;||divi||400&#8243; open_icon_font_size=\u00bb24px\u00bb]<\/p>\n<p>Este es un proyecto que nos invita a tener una participaci\u00f3n activa<br \/>en nuestra comunidad, cada a\u00f1o nuestros estudiantes preparan<br \/>diferentes actividades que son producto de sus proyectos \u00e1ulicos.<br \/>De este modo se genera empat\u00eda, compromiso con otro,<br \/>solidaridad, responsabilidad potenciando su creatividad y<br \/>autoestima.<\/p>\n<p>[\/et_pb_toggle][\/et_pb_column][\/et_pb_row][et_pb_row column_structure=\u00bb1_3,1_3,1_3&#8243; _builder_version=\u00bb4.19.5&#8243; _module_preset=\u00bbdefault\u00bb width=\u00bb100%\u00bb max_width=\u00bb90vw\u00bb hover_enabled=\u00bb0&#8243; global_colors_info=\u00bb{}\u00bb disabled_on=\u00bbon|on|on\u00bb disabled=\u00bbon\u00bb sticky_enabled=\u00bb0&#8243;][et_pb_column type=\u00bb1_3&#8243; _builder_version=\u00bb4.18.0&#8243; _module_preset=\u00bbdefault\u00bb global_colors_info=\u00bb{}\u00bb][et_pb_blurb title=\u00bbProyecto\u201d Potenciando Habilidades\u201d (Para Altas Capacidades):\u00bb icon_placement=\u00bbleft\u00bb image_icon_width=\u00bb100px\u00bb content_max_width_tablet=\u00bb\u00bb content_max_width_phone=\u00bb\u00bb content_max_width_last_edited=\u00bbon|phone\u00bb _builder_version=\u00bb4.18.0&#8243; _module_preset=\u00bbdefault\u00bb header_font=\u00bb|700|||||||\u00bb header_text_align=\u00bbcenter\u00bb header_text_color=\u00bb#FFFFFF\u00bb header_font_size=\u00bb3vh\u00bb body_text_color=\u00bb#FFFFFF\u00bb body_font_size=\u00bb1.6vh\u00bb background_color=\u00bbrgba(0,0,0,0.1)\u00bb custom_margin=\u00bb||||false|false\u00bb custom_margin_tablet=\u00bb|181px||||\u00bb custom_margin_phone=\u00bb|-9vh||-9vh|false|false\u00bb custom_margin_last_edited=\u00bbon|phone\u00bb custom_padding=\u00bb||||true|true\u00bb custom_padding_tablet=\u00bb25px|0px|27px|12px|false|false\u00bb custom_padding_phone=\u00bb25px|0px|27px|12px|false|false\u00bb custom_padding_last_edited=\u00bbon|phone\u00bb border_radii=\u00bbon|20px|20px|20px|20px\u00bb locked=\u00bboff\u00bb global_colors_info=\u00bb{}\u00bb]<\/p>\n<p>Es un proyecto que tiene por finalidad atender las necesidades<br \/>educativas especiales, que demandan los estudiantes con altas<\/p>\n<p>capacidades, en relaci\u00f3n al estudiante propuesto, seg\u00fan el dise\u00f1o<br \/>curricular vigente.<br \/>Se trata de una estrategia que intenta brindar al m\u00e1ximo las<br \/>oportunidades de cada estudiante. El enriquecimiento ser\u00e1<br \/>entonces la estrategia para llevar a cabo, que permitir\u00e1 personalizar<br \/>los desaf\u00edos, no solo a nivel cognitivo, sino tambi\u00e9n a nivel socio<br \/>afectivo.<\/p>\n<p>[\/et_pb_blurb][et_pb_blurb title=\u00bbProyectos de Actos Escolares\u00bb icon_placement=\u00bbleft\u00bb image_icon_width=\u00bb100px\u00bb content_max_width_tablet=\u00bb\u00bb content_max_width_phone=\u00bb\u00bb content_max_width_last_edited=\u00bbon|phone\u00bb _builder_version=\u00bb4.18.0&#8243; _module_preset=\u00bbdefault\u00bb header_font=\u00bb|700|||||||\u00bb header_text_align=\u00bbcenter\u00bb header_text_color=\u00bb#FFFFFF\u00bb header_font_size=\u00bb3vh\u00bb body_text_color=\u00bb#FFFFFF\u00bb body_font_size=\u00bb1.6vh\u00bb background_color=\u00bbrgba(0,0,0,0.1)\u00bb custom_margin=\u00bb||||false|false\u00bb custom_margin_tablet=\u00bb|181px||||\u00bb custom_margin_phone=\u00bb|-9vh||-9vh|false|false\u00bb custom_margin_last_edited=\u00bbon|phone\u00bb custom_padding=\u00bb||||true|true\u00bb custom_padding_tablet=\u00bb25px|0px|27px|12px|false|false\u00bb custom_padding_phone=\u00bb25px|0px|27px|12px|false|false\u00bb custom_padding_last_edited=\u00bbon|phone\u00bb border_radii=\u00bbon|20px|20px|20px|20px\u00bb locked=\u00bboff\u00bb global_colors_info=\u00bb{}\u00bb]<\/p>\n<p>Queremos resignificar nuestros modos de celebrar y conmemorar,<br \/>siendo actores y participes, viviendo en familia momentos para<br \/>atesorar, experiencias \u00fanicas e irrepetibles.<\/p>\n<p>[\/et_pb_blurb][\/et_pb_column][et_pb_column type=\u00bb1_3&#8243; _builder_version=\u00bb4.18.0&#8243; _module_preset=\u00bbdefault\u00bb global_colors_info=\u00bb{}\u00bb][\/et_pb_column][et_pb_column type=\u00bb1_3&#8243; _builder_version=\u00bb4.18.0&#8243; _module_preset=\u00bbdefault\u00bb global_colors_info=\u00bb{}\u00bb][et_pb_blurb title=\u00bbProyecto para Grupos Flexibles\u00bb icon_placement=\u00bbleft\u00bb image_icon_width=\u00bb100px\u00bb content_max_width_tablet=\u00bb\u00bb content_max_width_phone=\u00bb\u00bb content_max_width_last_edited=\u00bbon|phone\u00bb _builder_version=\u00bb4.18.0&#8243; _module_preset=\u00bbdefault\u00bb header_font=\u00bb|700|||||||\u00bb header_text_align=\u00bbcenter\u00bb header_text_color=\u00bb#FFFFFF\u00bb header_font_size=\u00bb3vh\u00bb body_text_color=\u00bb#FFFFFF\u00bb body_font_size=\u00bb1.6vh\u00bb background_color=\u00bbrgba(0,0,0,0.1)\u00bb custom_margin=\u00bb||||false|false\u00bb custom_margin_tablet=\u00bb|181px||||\u00bb custom_margin_phone=\u00bb|-9vh||-9vh|false|false\u00bb custom_margin_last_edited=\u00bbon|phone\u00bb custom_padding=\u00bb||||true|true\u00bb custom_padding_tablet=\u00bb25px|0px|27px|12px|false|false\u00bb custom_padding_phone=\u00bb25px|0px|27px|12px|false|false\u00bb custom_padding_last_edited=\u00bbon|phone\u00bb border_radii=\u00bbon|20px|20px|20px|20px\u00bb locked=\u00bboff\u00bb global_colors_info=\u00bb{}\u00bb]<\/p>\n<p>Hemos formado grupos flexibles, luego de haber evaluado en<br \/>presencialidad las diferentes trayectorias educativas y las<br \/>necesidades que algunos de nuestros estudiantes manifestaron<br \/>desde lo expl\u00edcito y\/o impl\u00edcito. Este a\u00f1o nos vemos nuevamente<br \/>desafiados a dar respuesta y acompa\u00f1amiento a nuestros<br \/>estudiantes.<\/p>\n<p>[\/et_pb_blurb][et_pb_blurb title=\u00bbProyecto \u201cTeatro para Estimular los Sentidos\u201d\u00bb icon_placement=\u00bbleft\u00bb image_icon_width=\u00bb100px\u00bb content_max_width_tablet=\u00bb\u00bb content_max_width_phone=\u00bb\u00bb content_max_width_last_edited=\u00bbon|phone\u00bb _builder_version=\u00bb4.18.0&#8243; _module_preset=\u00bbdefault\u00bb header_font=\u00bb|700|||||||\u00bb header_text_align=\u00bbcenter\u00bb header_text_color=\u00bb#FFFFFF\u00bb header_font_size=\u00bb3vh\u00bb body_text_color=\u00bb#FFFFFF\u00bb body_font_size=\u00bb1.6vh\u00bb background_color=\u00bbrgba(0,0,0,0.1)\u00bb custom_margin=\u00bb||||false|false\u00bb custom_margin_tablet=\u00bb|181px||||\u00bb custom_margin_phone=\u00bb|-9vh||-9vh|false|false\u00bb custom_margin_last_edited=\u00bbon|phone\u00bb custom_padding=\u00bb||||true|true\u00bb custom_padding_tablet=\u00bb25px|0px|27px|12px|false|false\u00bb custom_padding_phone=\u00bb25px|0px|27px|12px|false|false\u00bb custom_padding_last_edited=\u00bbon|phone\u00bb border_radii=\u00bbon|20px|20px|20px|20px\u00bb locked=\u00bboff\u00bb global_colors_info=\u00bb{}\u00bb]<\/p>\n<p>Esta es una iniciativa que nos invita a trabajar juntos con otras<br \/>instituciones de nuestra comunidad. En esta oportunidad<br \/>trabajaremos con la Escuela Especial Nro 506 para ciegos y<br \/>disminuidos visuales. Nuestros estudiantes ser\u00e1n desafiados a<br \/>desplegar toda su creatividad y conocimiento para que desde un<br \/>abordaje integrador, puedan invitarlos a vivir una experiencia en la<br \/>que puedan explorar en plenitud sus sentidos. El teatro se escucha,<br \/>se siente, se huele, se degusta, pero no se ve, y eso agudiza<br \/>nuestros sentidos invit\u00e1ndonos a imaginar y a crear mundos.<\/p>\n<p>[\/et_pb_blurb][\/et_pb_column][\/et_pb_row][\/et_pb_section]<\/p>\n","protected":false},"excerpt":{"rendered":"<p>Nuestros Proyectos:Este a\u00f1o, tenemos en marcha los siguientes proyectos, que nos entusiasman y nos invitan a seguir profundizando en saberes integradores necesarios para el desarrollo de la vida en comunidad.Este proyecto surge con el prop\u00f3sito de que nuestros estudiantespuedan vivir experiencias que potencien su crecimiento integral.Las actividades que se plantean en el mismo, tienen como [&hellip;]<\/p>\n","protected":false},"author":4,"featured_media":0,"parent":0,"menu_order":0,"comment_status":"closed","ping_status":"closed","template":"","meta":{"_et_pb_use_builder":"on","_et_pb_old_content":"","_et_gb_content_width":"","footnotes":""},"class_list":["post-1208","page","type-page","status-publish","hentry"],"_links":{"self":[{"href":"https:\/\/ciclanus.edu.ar\/index.php?rest_route=\/wp\/v2\/pages\/1208","targetHints":{"allow":["GET"]}}],"collection":[{"href":"https:\/\/ciclanus.edu.ar\/index.php?rest_route=\/wp\/v2\/pages"}],"about":[{"href":"https:\/\/ciclanus.edu.ar\/index.php?rest_route=\/wp\/v2\/types\/page"}],"author":[{"embeddable":true,"href":"https:\/\/ciclanus.edu.ar\/index.php?rest_route=\/wp\/v2\/users\/4"}],"replies":[{"embeddable":true,"href":"https:\/\/ciclanus.edu.ar\/index.php?rest_route=%2Fwp%2Fv2%2Fcomments&post=1208"}],"version-history":[{"count":17,"href":"https:\/\/ciclanus.edu.ar\/index.php?rest_route=\/wp\/v2\/pages\/1208\/revisions"}],"predecessor-version":[{"id":1524,"href":"https:\/\/ciclanus.edu.ar\/index.php?rest_route=\/wp\/v2\/pages\/1208\/revisions\/1524"}],"wp:attachment":[{"href":"https:\/\/ciclanus.edu.ar\/index.php?rest_route=%2Fwp%2Fv2%2Fmedia&parent=1208"}],"curies":[{"name":"wp","href":"https:\/\/api.w.org\/{rel}","templated":true}]}}