{"id":1333,"date":"2022-11-01T15:51:45","date_gmt":"2022-11-01T18:51:45","guid":{"rendered":"https:\/\/ciclanus.edu.ar\/?page_id=1333"},"modified":"2026-01-09T11:28:16","modified_gmt":"2026-01-09T14:28:16","slug":"administracion","status":"publish","type":"page","link":"https:\/\/ciclanus.edu.ar\/?page_id=1333","title":{"rendered":"Administracion"},"content":{"rendered":"<p>[et_pb_section fb_built=\u00bb1&#8243; _builder_version=\u00bb4.18.0&#8243; _module_preset=\u00bbdefault\u00bb background_color=\u00bbrgba(0,0,0,0.69)\u00bb height=\u00bb49vh\u00bb da_disable_devices=\u00bboff|off|off\u00bb global_colors_info=\u00bb{}\u00bb da_is_popup=\u00bboff\u00bb da_exit_intent=\u00bboff\u00bb da_has_close=\u00bbon\u00bb da_alt_close=\u00bboff\u00bb da_dark_close=\u00bboff\u00bb da_not_modal=\u00bbon\u00bb da_is_singular=\u00bboff\u00bb da_with_loader=\u00bboff\u00bb da_has_shadow=\u00bbon\u00bb][et_pb_row _builder_version=\u00bb4.18.0&#8243; _module_preset=\u00bbdefault\u00bb background_color=\u00bbRGBA(255,255,255,0)\u00bb global_colors_info=\u00bb{}\u00bb][et_pb_column type=\u00bb4_4&#8243; _builder_version=\u00bb4.18.0&#8243; _module_preset=\u00bbdefault\u00bb global_colors_info=\u00bb{}\u00bb][et_pb_text _builder_version=\u00bb4.18.0&#8243; _module_preset=\u00bbdefault\u00bb text_font=\u00bb|700|||||||\u00bb text_text_color=\u00bb#FFFFFF\u00bb text_font_size=\u00bb5vh\u00bb text_orientation=\u00bbcenter\u00bb custom_margin=\u00bb7vh||10vh||false|false\u00bb global_colors_info=\u00bb{}\u00bb]<\/p>\n<p>Administraci\u00f3n<\/p>\n<p>[\/et_pb_text][et_pb_text _builder_version=\u00bb4.18.0&#8243; _module_preset=\u00bbdefault\u00bb text_font=\u00bb|700|||||||\u00bb text_text_color=\u00bb#FFFFFF\u00bb text_font_size=\u00bb3vh\u00bb text_orientation=\u00bbcenter\u00bb global_colors_info=\u00bb{}\u00bb][\/et_pb_text][\/et_pb_column][\/et_pb_row][\/et_pb_section][et_pb_section fb_built=\u00bb1&#8243; _builder_version=\u00bb4.18.0&#8243; _module_preset=\u00bbdefault\u00bb background_color=\u00bb#bc559c\u00bb custom_margin=\u00bb0px||||false|false\u00bb custom_padding=\u00bb0px||||false|false\u00bb da_disable_devices=\u00bboff|off|off\u00bb global_colors_info=\u00bb{}\u00bb da_is_popup=\u00bboff\u00bb da_exit_intent=\u00bboff\u00bb da_has_close=\u00bbon\u00bb da_alt_close=\u00bboff\u00bb da_dark_close=\u00bboff\u00bb da_not_modal=\u00bbon\u00bb da_is_singular=\u00bboff\u00bb da_with_loader=\u00bboff\u00bb da_has_shadow=\u00bbon\u00bb][et_pb_row column_structure=\u00bb1_3,1_3,1_3&#8243; _builder_version=\u00bb4.18.0&#8243; _module_preset=\u00bbdefault\u00bb width=\u00bb100%\u00bb max_width=\u00bb90vw\u00bb global_colors_info=\u00bb{}\u00bb][et_pb_column type=\u00bb1_3&#8243; _builder_version=\u00bb4.18.0&#8243; _module_preset=\u00bbdefault\u00bb global_colors_info=\u00bb{}\u00bb][\/et_pb_column][et_pb_column type=\u00bb1_3&#8243; _builder_version=\u00bb4.18.0&#8243; _module_preset=\u00bbdefault\u00bb global_colors_info=\u00bb{}\u00bb][et_pb_blurb title=\u00bbContrato arancelario \u00bb icon_placement=\u00bbleft\u00bb image_icon_width=\u00bb100px\u00bb content_max_width_tablet=\u00bb\u00bb content_max_width_phone=\u00bb\u00bb content_max_width_last_edited=\u00bbon|phone\u00bb _builder_version=\u00bb4.27.5&#8243; _module_preset=\u00bbdefault\u00bb header_font=\u00bb|700|||||||\u00bb header_text_align=\u00bbcenter\u00bb header_text_color=\u00bb#FFFFFF\u00bb header_font_size=\u00bb3vh\u00bb body_text_color=\u00bb#FFFFFF\u00bb body_font_size=\u00bb2.4vh\u00bb background_color=\u00bbrgba(0,0,0,0.1)\u00bb custom_margin=\u00bb||||false|false\u00bb custom_margin_tablet=\u00bb|181px||||\u00bb custom_margin_phone=\u00bb|-9vh||-9vh|false|false\u00bb custom_margin_last_edited=\u00bbon|phone\u00bb custom_padding=\u00bb||||true|true\u00bb custom_padding_tablet=\u00bb25px|0px|27px|12px|false|false\u00bb custom_padding_phone=\u00bb25px|0px|27px|12px|false|false\u00bb custom_padding_last_edited=\u00bbon|phone\u00bb border_radii=\u00bbon|20px|20px|20px|20px\u00bb locked=\u00bboff\u00bb global_colors_info=\u00bb{}\u00bb]<\/p>\n<p><i>Los contratos fueron confeccionados en base a los aranceles vigentes a la fecha, por lo que pueden sufrir modificaciones. A finales del corriente Ciclo Lectivo estar\u00e1n recibiendo el contrato con el tal\u00f3n para su aceptaci\u00f3n<\/i><\/p>\n<p>[\/et_pb_blurb][\/et_pb_column][et_pb_column type=\u00bb1_3&#8243; _builder_version=\u00bb4.18.0&#8243; _module_preset=\u00bbdefault\u00bb global_colors_info=\u00bb{}\u00bb][\/et_pb_column][\/et_pb_row][et_pb_row column_structure=\u00bb1_3,1_3,1_3&#8243; _builder_version=\u00bb4.18.0&#8243; _module_preset=\u00bbdefault\u00bb width=\u00bb100%\u00bb max_width=\u00bb90vw\u00bb global_colors_info=\u00bb{}\u00bb][et_pb_column type=\u00bb1_3&#8243; _builder_version=\u00bb4.18.0&#8243; _module_preset=\u00bbdefault\u00bb global_colors_info=\u00bb{}\u00bb][et_pb_blurb title=\u00bbContrato arancelario Nivel Inicial\u00bb icon_placement=\u00bbleft\u00bb image_icon_width=\u00bb100px\u00bb content_max_width=\u00bb100vw\u00bb content_max_width_tablet=\u00bb\u00bb content_max_width_phone=\u00bb\u00bb content_max_width_last_edited=\u00bbon|phone\u00bb _builder_version=\u00bb4.27.5&#8243; _module_preset=\u00bbdefault\u00bb header_font=\u00bb|700|||||||\u00bb header_text_align=\u00bbcenter\u00bb header_text_color=\u00bb#FFFFFF\u00bb header_font_size=\u00bb3vh\u00bb body_text_color=\u00bb#FFFFFF\u00bb body_font_size=\u00bb2.4vh\u00bb background_color=\u00bbrgba(0,0,0,0.1)\u00bb text_orientation=\u00bbcenter\u00bb custom_margin=\u00bb||||false|false\u00bb custom_margin_tablet=\u00bb|181px||||\u00bb custom_margin_phone=\u00bb|-9vh||-9vh|false|false\u00bb custom_margin_last_edited=\u00bbon|phone\u00bb custom_padding=\u00bb||||true|true\u00bb custom_padding_tablet=\u00bb25px|0px|27px|12px|false|false\u00bb custom_padding_phone=\u00bb25px|0px|27px|12px|false|false\u00bb custom_padding_last_edited=\u00bbon|phone\u00bb border_radii=\u00bbon|20px|20px|20px|20px\u00bb locked=\u00bboff\u00bb global_colors_info=\u00bb{}\u00bb]<\/p>\n<p style=\"text-align: left;\"><a href=\"https:\/\/ciclanus.edu.ar\/wp-content\/uploads\/2026\/01\/CONTRATO-2026-JARDIN-Salas-de-2-a-4-anos-sin-talon.pdf\" target=\"_blank\" rel=\"noopener\"><i>Contrato de sala de 2, 3 y 4 a\u00f1os.<\/i><\/a><\/p>\n<p style=\"text-align: left;\"><a href=\"https:\/\/ciclanus.edu.ar\/wp-content\/uploads\/2026\/01\/CONTRATO-2026-JARDIN-Salas-de-5-anos-sin-talon.pdf\" target=\"_blank\" rel=\"noopener\"><i>Contrato de Sala de 5 a\u00f1os.<\/i><\/a><\/p>\n<p><i><\/i><\/p>\n<p>[\/et_pb_blurb][\/et_pb_column][et_pb_column type=\u00bb1_3&#8243; _builder_version=\u00bb4.18.0&#8243; _module_preset=\u00bbdefault\u00bb global_colors_info=\u00bb{}\u00bb][et_pb_blurb title=\u00bbContrato arancelario Nivel Primario\u00bb url_new_window=\u00bbon\u00bb icon_placement=\u00bbleft\u00bb image_icon_width=\u00bb100px\u00bb content_max_width_tablet=\u00bb\u00bb content_max_width_phone=\u00bb\u00bb content_max_width_last_edited=\u00bbon|phone\u00bb _builder_version=\u00bb4.27.5&#8243; _module_preset=\u00bbdefault\u00bb header_font=\u00bb|700|||||||\u00bb header_text_align=\u00bbcenter\u00bb header_text_color=\u00bb#FFFFFF\u00bb header_font_size=\u00bb3vh\u00bb body_text_color=\u00bb#FFFFFF\u00bb body_font_size=\u00bb2.4vh\u00bb background_color=\u00bbrgba(0,0,0,0.1)\u00bb custom_margin=\u00bb||||false|false\u00bb custom_margin_tablet=\u00bb|181px||||\u00bb custom_margin_phone=\u00bb|-9vh||-9vh|false|false\u00bb custom_margin_last_edited=\u00bbon|phone\u00bb custom_padding=\u00bb0px||0px||true|true\u00bb custom_padding_tablet=\u00bb25px|0px|27px|12px|false|false\u00bb custom_padding_phone=\u00bb25px|0px|27px|12px|false|false\u00bb custom_padding_last_edited=\u00bbon|phone\u00bb hover_enabled=\u00bb0&#8243; border_radii=\u00bbon|20px|20px|20px|20px\u00bb locked=\u00bboff\u00bb global_colors_info=\u00bb{}\u00bb sticky_enabled=\u00bb0&#8243;]<\/p>\n<p><a href=\"https:\/\/ciclanus.edu.ar\/wp-content\/uploads\/2026\/01\/CONTRATO-2026-PRIMARIO-1ER-CICLO-sin-talon.pdf\" target=\"_blank\" rel=\"noopener\"><i>Contrato del 1er Ciclo.<\/i><\/a><\/p>\n<p><a href=\"https:\/\/ciclanus.edu.ar\/wp-content\/uploads\/2026\/01\/CONTRATO-PRIMARIO-2DOCICLO-sin-talon.pdf\" target=\"_blank\" rel=\"noopener\"><i>Contrato del 2do Ciclo.<\/i><\/a><\/p>\n<p><i><\/i><\/p>\n<p>[\/et_pb_blurb][\/et_pb_column][et_pb_column type=\u00bb1_3&#8243; _builder_version=\u00bb4.18.0&#8243; _module_preset=\u00bbdefault\u00bb global_colors_info=\u00bb{}\u00bb][et_pb_blurb title=\u00bbContrato arancelario Nivel Secundario\u00bb icon_placement=\u00bbleft\u00bb image_icon_width=\u00bb100px\u00bb content_max_width_tablet=\u00bb\u00bb content_max_width_phone=\u00bb\u00bb content_max_width_last_edited=\u00bbon|phone\u00bb _builder_version=\u00bb4.27.5&#8243; _module_preset=\u00bbdefault\u00bb header_font=\u00bb|700|||||||\u00bb header_text_align=\u00bbcenter\u00bb header_text_color=\u00bb#FFFFFF\u00bb header_font_size=\u00bb3vh\u00bb body_text_color=\u00bb#FFFFFF\u00bb body_font_size=\u00bb2.4vh\u00bb background_color=\u00bbrgba(0,0,0,0.1)\u00bb custom_margin=\u00bb||||false|false\u00bb custom_margin_tablet=\u00bb|181px||||\u00bb custom_margin_phone=\u00bb|-9vh||-9vh|false|false\u00bb custom_margin_last_edited=\u00bbon|phone\u00bb custom_padding=\u00bb||||true|true\u00bb custom_padding_tablet=\u00bb25px|0px|27px|12px|false|false\u00bb custom_padding_phone=\u00bb25px|0px|27px|12px|false|false\u00bb custom_padding_last_edited=\u00bbon|phone\u00bb hover_enabled=\u00bb0&#8243; border_radii=\u00bbon|20px|20px|20px|20px\u00bb locked=\u00bboff\u00bb global_colors_info=\u00bb{}\u00bb sticky_enabled=\u00bb0&#8243;]<\/p>\n<p><a href=\"https:\/\/ciclanus.edu.ar\/wp-content\/uploads\/2026\/01\/CONTRATO-2026-SECUNDARIO-sin-talon.pdf\" target=\"_blank\" rel=\"noopener\">Contrato del Nivel Secundario.<\/a><\/p>\n<p>&nbsp;<\/p>\n<p>[\/et_pb_blurb][\/et_pb_column][\/et_pb_row][\/et_pb_section]<\/p>\n","protected":false},"excerpt":{"rendered":"<p>Administraci\u00f3nLos contratos fueron confeccionados en base a los aranceles vigentes a la fecha, por lo que pueden sufrir modificaciones. A finales del corriente Ciclo Lectivo estar\u00e1n recibiendo el contrato con el tal\u00f3n para su aceptaci\u00f3nContrato de sala de 2, 3 y 4 a\u00f1os. Contrato de Sala de 5 a\u00f1os. Contrato del 1er Ciclo. Contrato del [&hellip;]<\/p>\n","protected":false},"author":2,"featured_media":0,"parent":0,"menu_order":0,"comment_status":"closed","ping_status":"closed","template":"","meta":{"_et_pb_use_builder":"on","_et_pb_old_content":"","_et_gb_content_width":"","footnotes":""},"class_list":["post-1333","page","type-page","status-publish","hentry"],"_links":{"self":[{"href":"https:\/\/ciclanus.edu.ar\/index.php?rest_route=\/wp\/v2\/pages\/1333","targetHints":{"allow":["GET"]}}],"collection":[{"href":"https:\/\/ciclanus.edu.ar\/index.php?rest_route=\/wp\/v2\/pages"}],"about":[{"href":"https:\/\/ciclanus.edu.ar\/index.php?rest_route=\/wp\/v2\/types\/page"}],"author":[{"embeddable":true,"href":"https:\/\/ciclanus.edu.ar\/index.php?rest_route=\/wp\/v2\/users\/2"}],"replies":[{"embeddable":true,"href":"https:\/\/ciclanus.edu.ar\/index.php?rest_route=%2Fwp%2Fv2%2Fcomments&post=1333"}],"version-history":[{"count":13,"href":"https:\/\/ciclanus.edu.ar\/index.php?rest_route=\/wp\/v2\/pages\/1333\/revisions"}],"predecessor-version":[{"id":1923,"href":"https:\/\/ciclanus.edu.ar\/index.php?rest_route=\/wp\/v2\/pages\/1333\/revisions\/1923"}],"wp:attachment":[{"href":"https:\/\/ciclanus.edu.ar\/index.php?rest_route=%2Fwp%2Fv2%2Fmedia&parent=1333"}],"curies":[{"name":"wp","href":"https:\/\/api.w.org\/{rel}","templated":true}]}}