{"id":3,"date":"2020-08-19T16:57:22","date_gmt":"2020-08-19T19:57:22","guid":{"rendered":"https:\/\/ciclanus.edu.ar\/?page_id=3"},"modified":"2022-07-15T19:52:35","modified_gmt":"2022-07-15T22:52:35","slug":"politica-privacidad","status":"publish","type":"page","link":"https:\/\/ciclanus.edu.ar\/?page_id=3","title":{"rendered":"Pol\u00edtica de privacidad"},"content":{"rendered":"<p>[et_pb_section fb_built=\u00bb1&#8243; admin_label=\u00bbsection\u00bb _builder_version=\u00bb4.16&#8243; da_disable_devices=\u00bboff|off|off\u00bb global_colors_info=\u00bb{}\u00bb da_is_popup=\u00bboff\u00bb da_exit_intent=\u00bboff\u00bb da_has_close=\u00bbon\u00bb da_alt_close=\u00bboff\u00bb da_dark_close=\u00bboff\u00bb da_not_modal=\u00bbon\u00bb da_is_singular=\u00bboff\u00bb da_with_loader=\u00bboff\u00bb da_has_shadow=\u00bbon\u00bb][et_pb_row admin_label=\u00bbrow\u00bb _builder_version=\u00bb4.16&#8243; background_size=\u00bbinitial\u00bb background_position=\u00bbtop_left\u00bb background_repeat=\u00bbrepeat\u00bb global_colors_info=\u00bb{}\u00bb][et_pb_column type=\u00bb4_4&#8243; _builder_version=\u00bb4.16&#8243; custom_padding=\u00bb|||\u00bb global_colors_info=\u00bb{}\u00bb custom_padding__hover=\u00bb|||\u00bb][et_pb_text admin_label=\u00bbText\u00bb _builder_version=\u00bb4.17.6&#8243; text_text_color=\u00bb#000000&#8243; text_font_size=\u00bb16px\u00bb header_text_color=\u00bb#000000&#8243; background_size=\u00bbinitial\u00bb background_position=\u00bbtop_left\u00bb background_repeat=\u00bbrepeat\u00bb global_colors_info=\u00bb{}\u00bb]<\/p>\n<p><span style=\"color: #333333; font-family: inherit; font-size: 26px;\">Plantilla de Pol\u00edtica de Privacidad<\/span><\/p>\n<p>Ciclanus te informa sobre su Pol\u00edtica de Privacidad respecto del tratamiento y protecci\u00f3n de los datos de car\u00e1cter personal de los usuarios y clientes que puedan ser recabados por la navegaci\u00f3n o contrataci\u00f3n de servicios a trav\u00e9s del sitio Web<span>\u00a0<\/span><span class=\"resaltar\">ciclanus.edu.ar<\/span>.<\/p>\n<p>En este sentido, el Titular garantiza el cumplimiento de la normativa vigente en materia de protecci\u00f3n de datos personales, reflejada en la Ley Org\u00e1nica 3\/2018, de 5 de diciembre, de Protecci\u00f3n de Datos Personales y de Garant\u00eda de Derechos Digitales (LOPD GDD). Cumple tambi\u00e9n con el Reglamento (UE) 2016\/679 del Parlamento Europeo y del Consejo de 27 de abril de 2016 relativo a la protecci\u00f3n de las personas f\u00edsicas (RGPD).<\/p>\n<p>El uso de sitio Web implica la aceptaci\u00f3n de esta Pol\u00edtica de Privacidad as\u00ed como las condiciones incluidas en el Aviso Legal.<\/p>\n<h3 id=\"identidad-del-responsable\">Identidad del responsable<\/h3>\n<ul>\n<li>Titular:<span> Cic Lanus\/ Asociaci\u00f3n Emilie Villeneuve Colegio Inmaculada Concepci\u00f3n de Lanus.<\/span><\/li>\n<li>Cuit: 30-55025526-6<\/li>\n<li>Domicilio:<span>\u00a0<\/span><span class=\"resaltar\">AV Rivadavia 3984 Piso 5to CABA-POSTAL 1204<\/span><\/li>\n<li>Correo electr\u00f3nico:<span>\u00a0<\/span><span class=\"resaltar\">recepcion@ciclanus.edu.ar<\/span><\/li>\n<li>Sitio Web:<span> ciclanus.edu.ar<\/span><\/li>\n<\/ul>\n<h3 id=\"principios-aplicados-en-el-tratamiento-de-datos\">Principios aplicados en el tratamiento de datos<\/h3>\n<p>En el tratamiento de tus datos personales, el Titular aplicar\u00e1 los siguientes principios que se ajustan a las exigencias del nuevo reglamento europeo de protecci\u00f3n de datos:<\/p>\n<ul>\n<li><strong>Principio de licitud, lealtad y transparencia:<\/strong><span>\u00a0<\/span>El Titular siempre requerir\u00e1 el consentimiento para el tratamiento de tus datos personales que puede ser para uno o varios fines espec\u00edficos sobre los que te informar\u00e1 previamente con absoluta transparencia.<\/li>\n<li><strong>Principio de minimizaci\u00f3n de datos:<\/strong><span>\u00a0<\/span>El Titular te solicitar\u00e1 solo los datos estrictamente necesarios para el fin o los fines que los solicita.<\/li>\n<li><strong>Principio de limitaci\u00f3n del plazo de conservaci\u00f3n:<\/strong><span>\u00a0<\/span>Los datos se mantendr\u00e1n durante el tiempo estrictamente necesario para el fin o los fines del tratamiento.<br \/>El Titular te informar\u00e1 del plazo de conservaci\u00f3n correspondiente seg\u00fan la finalidad. En el caso de suscripciones, el Titular revisar\u00e1 peri\u00f3dicamente las listas y eliminar\u00e1 aquellos registros inactivos durante un tiempo considerable.<\/li>\n<li><strong>Principio de integridad y confidencialidad:<\/strong><span>\u00a0<\/span>Tus datos ser\u00e1n tratados de tal manera que su seguridad, confidencialidad e integridad est\u00e9 garantizada. Debes saber que el Titular toma las precauciones necesarias para evitar el acceso no autorizado o uso indebido de los datos de sus usuarios por parte de terceros.<\/li>\n<\/ul>\n<h3 id=\"obtenci\u00f3n-de-datos-personales\">Obtenci\u00f3n de datos personales<\/h3>\n<p>Para navegar por<span> ciclanus.edu.ar<\/span><span>\u00a0<\/span>no es necesario que facilites ning\u00fan dato personal. Los casos en los que s\u00ed proporcionas tus datos personales son los siguientes:<\/p>\n<ul>\n<li>Al contactar a trav\u00e9s de los formularios de contacto o enviar un correo electr\u00f3nico.<\/li>\n<li>Al realizar un comentario en un art\u00edculo o p\u00e1gina.<\/li>\n<\/ul>\n<h3 id=\"tus-derechos\">Tus derechos<\/h3>\n<p>El Titular te informa que sobre tus datos personales tienes derecho a:<\/p>\n<ul>\n<li>Solicitar el acceso a los datos almacenados.<\/li>\n<li>Solicitar una rectificaci\u00f3n o la cancelaci\u00f3n.<\/li>\n<li>Solicitar la limitaci\u00f3n de su tratamiento.<\/li>\n<li>Oponerte al tratamiento.<\/li>\n<li>Solicitar la portabilidad de tus datos.<\/li>\n<\/ul>\n<p>El ejercicio de estos derechos es personal y por tanto debe ser ejercido directamente por el interesado, solicit\u00e1ndolo directamente al Titular, lo que significa que cualquier cliente, suscriptor o colaborador que haya facilitado sus datos en alg\u00fan momento puede dirigirse al Titular y pedir informaci\u00f3n sobre los datos que tiene almacenados y c\u00f3mo los ha obtenido, solicitar la rectificaci\u00f3n de los mismos, solicitar la portabilidad de sus datos personales, oponerse al tratamiento, limitar su uso o solicitar la cancelaci\u00f3n de esos datos en los ficheros del Titular.<\/p>\n<p>Para ejercitar tus derechos de acceso, rectificaci\u00f3n, cancelaci\u00f3n, portabilidad y oposici\u00f3n tienes que enviar un correo electr\u00f3nico a<span>\u00a0<\/span><span class=\"resaltar\">recepcion@ciclanus.com.ar<\/span><span>\u00a0<\/span>junto con la prueba v\u00e1lida en derecho como una fotocopia del D.N.I. o equivalente.<\/p>\n<p>Tienes derecho a la tutela judicial efectiva y a presentar una reclamaci\u00f3n ante la autoridad de control, en este caso, la Agencia Espa\u00f1ola de Protecci\u00f3n de Datos, si consideras que el tratamiento de datos personales que te conciernen infringe el Reglamento.<\/p>\n<h3 id=\"finalidad-del-tratamiento-de-datos-personales\">Finalidad del tratamiento de datos personales<\/h3>\n<p>Cuando te conectas al sitio Web para mandar un correo al Titular, te suscribes a su bolet\u00edn o realizas una contrataci\u00f3n, est\u00e1s facilitando informaci\u00f3n de car\u00e1cter personal de la que el responsable es el Titular. Esta informaci\u00f3n puede incluir datos de car\u00e1cter personal como pueden ser tu direcci\u00f3n IP, nombre y apellidos, direcci\u00f3n f\u00edsica, direcci\u00f3n de correo electr\u00f3nico, n\u00famero de tel\u00e9fono, y otra informaci\u00f3n. Al facilitar esta informaci\u00f3n, das tu consentimiento para que tu informaci\u00f3n sea recopilada, utilizada, gestionada y almacenada por superadmin.es , s\u00f3lo como se describe en el Aviso Legal y en la presente Pol\u00edtica de Privacidad.<\/p>\n<p>Los datos personales y la finalidad del tratamiento por parte del Titular es diferente seg\u00fan el sistema de captura de informaci\u00f3n:<\/p>\n<ul>\n<li><strong>Formularios de contacto:<\/strong><span>\u00a0<\/span>El Titular solicita datos personales entre los que pueden estar: Nombre y apellidos, direcci\u00f3n de correo electr\u00f3nico, n\u00famero de tel\u00e9fono y direcci\u00f3n de tu sitio Web con la finalidad de responder a tus consultas.<br \/>Por ejemplo, el Titular utiliza esos datos para dar respuesta a tus mensajes, dudas, quejas, comentarios o inquietudes que puedas tener relativas a la informaci\u00f3n incluida en el sitio Web, los servicios que se prestan a trav\u00e9s del sitio Web, el tratamiento de tus datos personales, cuestiones referentes a los textos legales incluidos en el sitio Web, as\u00ed como cualquier otra consulta que puedas tener y que no est\u00e9 sujeta a las condiciones del sitio Web o de la contrataci\u00f3n.<\/li>\n<\/ul>\n<p>Existen otras finalidades por las que el Titular trata tus datos personales:<\/p>\n<ul>\n<li>Para garantizar el cumplimiento de las condiciones recogidas en el Aviso Legal y en la ley aplicable. Esto puede incluir el desarrollo de herramientas y algoritmos que ayuden a este sitio Web a garantizar la confidencialidad de los datos personales que recoge.<\/li>\n<li>Para apoyar y mejorar los servicios que ofrece este sitio Web.<\/li>\n<li>Para analizar la navegaci\u00f3n. El Titular recoge otros datos no identificativos que se obtienen mediante el uso de cookies que se descargan en tu ordenador cuando navegas por el sitio Web cuyas caracter\u00edsiticas y finalidad est\u00e1n detalladas en la Pol\u00edtica de Cookies .<\/li>\n<li>Para gestionar las redes sociales. el Titular tiene presencia en redes sociales. Si te haces seguidor en las redes sociales del Titular el tratamiento de los datos personales se regir\u00e1 por este apartado, as\u00ed como por aquellas condiciones de uso, pol\u00edticas de privacidad y normativas de acceso que pertenezcan a la red social que proceda en cada caso y que has aceptado previamente.<\/li>\n<\/ul>\n<p>El Titular tratar\u00e1 tus datos personales con la finalidad de administrar correctamente su presencia en la red social, informarte de sus actividades, productos o servicios, as\u00ed como para cualquier otra finalidad que las normativas de las redes sociales permitan.<\/p>\n<p>En ning\u00fan caso el Titular utilizar\u00e1 los perfiles de seguidores en redes sociales para enviar publicidad de manera individual.<\/p>\n<h3 id=\"seguridad-de-los-datos-personales\">Seguridad de los datos personales<\/h3>\n<p>Para proteger tus datos personales, el Titular toma todas las precauciones razonables y sigue las mejores pr\u00e1cticas de la industria para evitar su p\u00e9rdida, mal uso, acceso indebido, divulgaci\u00f3n, alteraci\u00f3n o destrucci\u00f3n de los mismos.<\/p>\n<p>El sitio Web est\u00e1 alojado en<span> \u00ab<\/span><span class=\"resaltar\">LatinCloud\u00bb<\/span>. La seguridad de tus datos est\u00e1 garantizada, ya que toman todas las medidas de seguridad necesarias para ello. Puedes consultar su pol\u00edtica de privacidad para tener m\u00e1s informaci\u00f3n.<\/p>\n<h3 id=\"contenido-de-otros-sitios-web\">Contenido de otros sitios web<\/h3>\n<p>Las p\u00e1ginas de este sitio Web pueden incluir contenido incrustado (por ejemplo, v\u00eddeos, im\u00e1genes, art\u00edculos, etc.). El contenido incrustado de otras web se comporta exactamente de la misma manera que si hubieras visitado la otra web.<\/p>\n<p>Estos sitios Web pueden recopilar datos sobre ti, utilizar cookies, incrustar un c\u00f3digo de seguimiento adicional de terceros, y supervisar tu interacci\u00f3n usando este c\u00f3digo.<\/p>\n<h3 id=\"pol\u00edtica-de-cookies\">Pol\u00edtica de Cookies<\/h3>\n<p>Para que este sitio Web funcione correctamente necesita utilizar cookies, que es una informaci\u00f3n que se almacena en tu navegador web.<\/p>\n<p>En la p\u00e1gina Pol\u00edtica de Cookies puedes consultar toda la informaci\u00f3n relativa a la pol\u00edtica de recogida, la finalidad y el tratamiento de las cookies.<\/p>\n<h3 id=\"legitimaci\u00f3n-para-el-tratamiento-de-datos\">Legitimaci\u00f3n para el tratamiento de datos<\/h3>\n<p>La base legal para el tratamiento de tus datos es: el consentimiento.<\/p>\n<p>Para contactar con el Titular, suscribirte a un bolet\u00edn o realizar comentarios en este sitio Web tienes que aceptar la presente Pol\u00edtica de Privacidad.<\/p>\n<h3 id=\"categor\u00edas-de-datos-personales\">Categor\u00edas de datos personales<\/h3>\n<p>Las categor\u00edas de datos personales que trata el Titular son:<\/p>\n<ul>\n<li>Datos identificativos.<\/li>\n<\/ul>\n<h3 id=\"conservaci\u00f3n-de-datos-personales\">Conservaci\u00f3n de datos personales<\/h3>\n<p>Los datos personales que proporciones al Titular se conservar\u00e1n hasta que solicites su supresi\u00f3n.<\/p>\n<h3 id=\"navegaci\u00f3n-web\">Navegaci\u00f3n Web<\/h3>\n<p>Al navegar por<span>\u00a0<\/span><span class=\"resaltar\">ciclanus.edu.ar<\/span><span>\u00a0<\/span>se pueden recoger datos no identificativos, que pueden incluir, la direcci\u00f3n IP, geolocalizaci\u00f3n, un registro de c\u00f3mo se utilizan los servicios y sitios, h\u00e1bitos de navegaci\u00f3n y otros datos que no pueden ser utilizados para identificarte.<\/p>\n<p>El sitio Web utiliza los siguientes servicios de an\u00e1lisis de terceros:<\/p>\n<ul>\n<li>Google Analytics<\/li>\n<\/ul>\n<p>El Titular utiliza la informaci\u00f3n obtenida para obtener datos estad\u00edsticos, analizar tendencias, administrar el sitio, estudiar patrones de navegaci\u00f3n y para recopilar informaci\u00f3n demogr\u00e1fica.<\/p>\n<h3 id=\"exactitud-y-veracidad-de-los-datos-personales\">Exactitud y veracidad de los datos personales<\/h3>\n<p>Te comprometes a que los datos facilitados al Titular sean correctos, completos, exactos y vigentes, as\u00ed como a mantenerlos debidamente actualizados.<\/p>\n<p>Como Usuario del sitio Web eres el \u00fanico responsable de la veracidad y correcci\u00f3n de los datos que remitas al sitio exonerando a el Titular de cualquier responsabilidad al respecto.<\/p>\n<h3 id=\"aceptaci\u00f3n-y-consentimiento\">Aceptaci\u00f3n y consentimiento<\/h3>\n<p>Como Usuario del sitio Web declaras haber sido informado de las condiciones sobre protecci\u00f3n de datos de car\u00e1cter personal, aceptas y consientes el tratamiento de los mismos por parte de el Titular en la forma y para las finalidades indicadas en esta Pol\u00edtica de Privacidad.<\/p>\n<h3 id=\"revocabilidad\">Revocabilidad<\/h3>\n<p>Para ejercitar tus derechos de acceso, rectificaci\u00f3n, cancelaci\u00f3n, portabilidad y oposici\u00f3n tienes que enviar un correo electr\u00f3nico a<span>\u00a0<\/span><span class=\"resaltar\">recepcion@ciclanus.edu.ar<\/span><span>\u00a0<\/span>junto con la prueba v\u00e1lida en derecho como una fotocopia del D.N.I. o equivalente.<\/p>\n<p>El ejercicio de tus derechos no incluye ning\u00fan dato que el Titular est\u00e9 obligado a conservar con fines administrativos, legales o de seguridad.<\/p>\n<h3 id=\"cambios-en-la-pol\u00edtica-de-privacidad\">Cambios en la Pol\u00edtica de Privacidad<\/h3>\n<p>El Titular se reserva el derecho a modificar la presente Pol\u00edtica de Privacidad para adaptarla a novedades legislativas o jurisprudenciales, as\u00ed como a pr\u00e1cticas de la industria.<\/p>\n<p>Estas pol\u00edticas estar\u00e1n vigentes hasta que sean modificadas por otras debidamente publicadas.<\/p>\n<\/p>\n<p>[\/et_pb_text][\/et_pb_column][\/et_pb_row][\/et_pb_section]<!-- \/wp:post-content --><\/p>\n","protected":false},"excerpt":{"rendered":"<p>Plantilla de Pol\u00edtica de Privacidad Ciclanus te informa sobre su Pol\u00edtica de Privacidad respecto del tratamiento y protecci\u00f3n de los datos de car\u00e1cter personal de los usuarios y clientes que puedan ser recabados por la navegaci\u00f3n o contrataci\u00f3n de servicios a trav\u00e9s del sitio Web\u00a0ciclanus.edu.ar. En este sentido, el Titular garantiza el cumplimiento de la [&hellip;]<\/p>\n","protected":false},"author":4,"featured_media":0,"parent":0,"menu_order":0,"comment_status":"closed","ping_status":"closed","template":"","meta":{"_et_pb_use_builder":"on","_et_pb_old_content":"<!-- wp:heading --><h2>Qui\u00e9nes somos<\/h2><!-- \/wp:heading --><!-- wp:paragraph --><p>La direcci\u00f3n de nuestra web es: https:\/\/ciclanus.edu.ar.<\/p><!-- \/wp:paragraph --><!-- wp:heading --><h2>Qu\u00e9 datos personales recogemos y por qu\u00e9<\/h2><!-- \/wp:heading --><!-- wp:heading {\"level\":3} --><h3>Comentarios<\/h3><!-- \/wp:heading --><!-- wp:paragraph --><p>Cuando los visitantes dejan comentarios en la web, recopilamos los datos que se muestran en el formulario de comentarios, as\u00ed como la direcci\u00f3n IP del visitante y la cadena de agentes de usuario del navegador, para ayudar a la detecci\u00f3n de spam.<\/p><!-- \/wp:paragraph --><!-- wp:paragraph --><p>Una cadena an\u00f3nima creada a partir de tu direcci\u00f3n de correo electr\u00f3nico (tambi\u00e9n llamada hash) puede ser proporcionada al servicio de Gravatar para ver si la est\u00e1s usando. La pol\u00edtica de privacidad del servicio Gravatar est\u00e1 disponible en https:\/\/automattic.com\/privacy\/. Despu\u00e9s de la aprobaci\u00f3n de tu comentario, la imagen de tu perfil ser\u00e1 visible para el p\u00fablico en el contexto de su comentario.<\/p><!-- \/wp:paragraph --><!-- wp:heading {\"level\":3} --><h3>Multimedia<\/h3><!-- \/wp:heading --><!-- wp:paragraph --><p>Si sub\u00eds im\u00e1genes a la web deber\u00edas evitar subir im\u00e1genes con datos de ubicaci\u00f3n (GPS EXIF) incluidos. Los visitantes de la web pueden descargar y extraer cualquier dato de localizaci\u00f3n de las im\u00e1genes de la web.<\/p><!-- \/wp:paragraph --><!-- wp:heading {\"level\":3} --><h3>Formularios de contacto<\/h3><!-- \/wp:heading --><!-- wp:heading {\"level\":3} --><h3>Cookies<\/h3><!-- \/wp:heading --><!-- wp:paragraph --><p>Si dej\u00e1s un comentario en nuestro sitio, pod\u00e9s optar por guardar tu nombre, direcci\u00f3n de correo electr\u00f3nico y sitio web en las cookies. Estos son para tu conveniencia para que no tengas que volver a ingresar tus datos cuando dej\u00e9s otro comentario. Estas cookies durar\u00e1n un a\u00f1o.<\/p><!-- \/wp:paragraph --><!-- wp:paragraph --><p>Si ten\u00e9s una cuenta e inici\u00e1s sesi\u00f3n en este sitio, estableceremos una cookie temporal para determinar si tu navegador acepta cookies. Esta cookie no contiene datos personales y es descartada al cerrar el navegador.<\/p><!-- \/wp:paragraph --><!-- wp:paragraph --><p>Cuando inici\u00e1s sesi\u00f3n, tambi\u00e9n configuraremos varias cookies para guardar tu informaci\u00f3n de inicio de sesi\u00f3n y tus opciones de visualizaci\u00f3n en pantalla. Las cookies de inicio de sesi\u00f3n duran dos d\u00edas y las cookies de opciones de pantalla duran un a\u00f1o. Si seleccion\u00e1s &quot;Recordarme&quot;, tu inicio de sesi\u00f3n se mantendr\u00e1 durante dos semanas. Si cerr\u00e1s la sesi\u00f3n, se eliminar\u00e1n las cookies de inicio de sesi\u00f3n.<\/p><!-- \/wp:paragraph --><!-- wp:paragraph --><p>Si edit\u00e1s o public\u00e1s un art\u00edculo, se guardar\u00e1 una cookie adicional en tu navegador. Esta cookie no incluye datos personales y simplemente indica el ID de publicaci\u00f3n del art\u00edculo que acab\u00e1s de editar. Caduca despu\u00e9s de 1 d\u00eda.<\/p><!-- \/wp:paragraph --><!-- wp:heading {\"level\":3} --><h3>Contenido embebido desde otros sitios web<\/h3><!-- \/wp:heading --><!-- wp:paragraph --><p>Los art\u00edculos en este sitio pueden incluir contenido incrustado (por ejemplo, videos, im\u00e1genes, art\u00edculos, etc.). El contenido incrustado de otros sitios web se comporta de la misma manera que si el visitante hubiera visitado el otro sitio web.<\/p><!-- \/wp:paragraph --><!-- wp:paragraph --><p>Estos sitios web pueden recopilar tus datos, utilizar cookies, incrustar un sistema de seguimiento de terceros y supervisar su interacci\u00f3n con ese contenido incrustado, incluyendo el rastreo de tu interacci\u00f3n con el contenido incrustado si ten\u00e9s una cuenta y est\u00e1s conectado a ese sitio web.<\/p><!-- \/wp:paragraph --><!-- wp:heading {\"level\":3} --><h3>Estad\u00edsticas<\/h3><!-- \/wp:heading --><!-- wp:heading --><h2>Con qui\u00e9n compartimos datos<\/h2><!-- \/wp:heading --><!-- wp:heading --><h2>Cu\u00e1nto tiempo guardamos tus datos<\/h2><!-- \/wp:heading --><!-- wp:paragraph --><p>Si dej\u00e1s un comentario, el comentario y sus metadatos se conservan indefinidamente. Esto es para que podamos reconocer y aprobar cualquier comentario de seguimiento de forma autom\u00e1tica en lugar de mantenerlos en una cola de moderaci\u00f3n.<\/p><!-- \/wp:paragraph --><!-- wp:paragraph --><p>Para los usuarios que se registran en nuestro sitio web (si corresponde), tambi\u00e9n almacenamos la informaci\u00f3n personal que proporcionan en su perfil de usuario. Todos los usuarios pueden ver, editar o eliminar su informaci\u00f3n personal en cualquier momento (excepto que no pueden cambiar su nombre de usuario). Los administradores del sitio web tambi\u00e9n pueden ver y editar esa informaci\u00f3n.<\/p><!-- \/wp:paragraph --><!-- wp:heading --><h2>Qu\u00e9 derechos ten\u00e9s sobre tus datos<\/h2><!-- \/wp:heading --><!-- wp:paragraph --><p>Si ten\u00e9s una cuenta en este sitio o has dejado comentarios, pod\u00e9s solicitar un archivo exportado de los datos personales tuyos que tenemos, incluidos los datos que nos hayas proporcionado. Tambi\u00e9n pod\u00e9s solicitar que borremos cualquier dato personal tuyo que tengamos. Esto no incluye datos que estamos obligados a mantener para fines administrativos, legales o de seguridad.<\/p><!-- \/wp:paragraph --><!-- wp:heading --><h2>Ad\u00f3nde enviamos tus datos<\/h2><!-- \/wp:heading --><!-- wp:paragraph --><p>Los comentarios de los visitantes se pueden verificar a trav\u00e9s de un servicio autom\u00e1tico de detecci\u00f3n de spam.<\/p><!-- \/wp:paragraph --><!-- wp:heading --><h2>Tu informaci\u00f3n de contacto<\/h2><!-- \/wp:heading --><!-- wp:heading --><h2>Informaci\u00f3n adicional<\/h2><!-- \/wp:heading --><!-- wp:heading {\"level\":3} --><h3>C\u00f3mo protegemos tus datos<\/h3><!-- \/wp:heading --><!-- wp:heading {\"level\":3} --><h3>\u00bfQu\u00e9 procedimientos de violaci\u00f3n de datos tenemos en marcha?<\/h3><!-- \/wp:heading --><!-- wp:heading {\"level\":3} --><h3>De qui\u00e9nes (terceros) recibimos datos<\/h3><!-- \/wp:heading --><!-- wp:heading {\"level\":3} --><h3>Qu\u00e9 toma de decisiones y\/o perfiles automatizados se realizan con los datos del usuario<\/h3><!-- \/wp:heading --><!-- wp:heading {\"level\":3} --><h3>Requisitos de divulgaci\u00f3n regulatoria de la industria<\/h3><!-- \/wp:heading -->","_et_gb_content_width":"","footnotes":""},"class_list":["post-3","page","type-page","status-publish","hentry"],"_links":{"self":[{"href":"https:\/\/ciclanus.edu.ar\/index.php?rest_route=\/wp\/v2\/pages\/3","targetHints":{"allow":["GET"]}}],"collection":[{"href":"https:\/\/ciclanus.edu.ar\/index.php?rest_route=\/wp\/v2\/pages"}],"about":[{"href":"https:\/\/ciclanus.edu.ar\/index.php?rest_route=\/wp\/v2\/types\/page"}],"author":[{"embeddable":true,"href":"https:\/\/ciclanus.edu.ar\/index.php?rest_route=\/wp\/v2\/users\/4"}],"replies":[{"embeddable":true,"href":"https:\/\/ciclanus.edu.ar\/index.php?rest_route=%2Fwp%2Fv2%2Fcomments&post=3"}],"version-history":[{"count":6,"href":"https:\/\/ciclanus.edu.ar\/index.php?rest_route=\/wp\/v2\/pages\/3\/revisions"}],"predecessor-version":[{"id":1030,"href":"https:\/\/ciclanus.edu.ar\/index.php?rest_route=\/wp\/v2\/pages\/3\/revisions\/1030"}],"wp:attachment":[{"href":"https:\/\/ciclanus.edu.ar\/index.php?rest_route=%2Fwp%2Fv2%2Fmedia&parent=3"}],"curies":[{"name":"wp","href":"https:\/\/api.w.org\/{rel}","templated":true}]}}