{"id":525,"date":"2022-04-20T13:13:16","date_gmt":"2022-04-20T16:13:16","guid":{"rendered":"https:\/\/ciclanus.edu.ar\/?page_id=525"},"modified":"2022-07-06T11:10:35","modified_gmt":"2022-07-06T14:10:35","slug":"nuestra-fundadora","status":"publish","type":"page","link":"https:\/\/ciclanus.edu.ar\/?page_id=525","title":{"rendered":"Nuestra Fundadora"},"content":{"rendered":"<p>[et_pb_section fb_built=\u00bb1&#8243; theme_builder_area=\u00bbpost_content\u00bb _builder_version=\u00bb4.17.4&#8243; _module_preset=\u00bbdefault\u00bb background_color=\u00bbRGBA(255,255,255,0)\u00bb hover_enabled=\u00bb0&#8243; sticky_enabled=\u00bb0&#8243;][et_pb_row _builder_version=\u00bb4.17.4&#8243; _module_preset=\u00bbdefault\u00bb theme_builder_area=\u00bbpost_content\u00bb background_color=\u00bb#FFFFFF\u00bb hover_enabled=\u00bb0&#8243; sticky_enabled=\u00bb0&#8243;][et_pb_column _builder_version=\u00bb4.17.4&#8243; _module_preset=\u00bbdefault\u00bb type=\u00bb4_4&#8243; theme_builder_area=\u00bbpost_content\u00bb][et_pb_post_title _builder_version=\u00bb4.17.4&#8243; _module_preset=\u00bbdefault\u00bb theme_builder_area=\u00bbpost_content\u00bb meta=\u00bboff\u00bb featured_image=\u00bboff\u00bb text_orientation=\u00bbcenter\u00bb title_text_color=\u00bb#000000&#8243; title_font_size=\u00bb34px\u00bb custom_margin=\u00bb-55px||-4px||false|false\u00bb custom_padding=\u00bb80px||||false|false\u00bb hover_enabled=\u00bb0&#8243; sticky_enabled=\u00bb0&#8243;][\/et_pb_post_title][et_pb_text _builder_version=\u00bb4.17.4&#8243; _module_preset=\u00bbdefault\u00bb theme_builder_area=\u00bbpost_content\u00bb text_font_size=\u00bb16px\u00bb text_text_color=\u00bb#000000&#8243; text_orientation=\u00bbcenter\u00bb hover_enabled=\u00bb0&#8243; sticky_enabled=\u00bb0&#8243; background_color=\u00bb#FFFFFF\u00bb]<\/p>\n<p><em>\u00a0 <\/em><\/p>\n<p><em><\/em><\/p>\n<p><em>Jeanne-\u00c9milie de Villeneuve naci\u00f3 en Toulouse, Francia, el 9 de marzo de 1811 y muri\u00f3 en Castres, ciudad del mismo pa\u00eds, el 2 de octubre de 1854 a la edad de 43 a\u00f1os.<\/em><\/p>\n<p><em>\u00a0 A los 25 a\u00f1os fund\u00f3 la congregaci\u00f3n Nuestra Se\u00f1ora de la Inmaculada Concepci\u00f3n de Castres el 8 de diciembre de 1836. R\u00e1pidamente se la comienza a reconocer como la congregaci\u00f3n de las \u201cHermanas Azules de Castres\u201d debido al color de su h\u00e1bito.\u00a0<\/em><\/p>\n<p><em>\u00a0 Fue canonizada el 17 de mayo del 2015 por el Pap\u00e1 Francisco, tras conocerse su segundo milagro.<\/em><\/p>\n<p>&nbsp;<\/p>\n<p><strong>SU INFANCIA:<\/strong><\/p>\n<p><em>\u00a0 Emilie creci\u00f3 en el castillo de Hauterive, cerca de Castres, donde su madre enferma, que finalmente fallece en 1815, se hab\u00eda retirado para cuidarse. Tres a\u00f1os despu\u00e9s de perder a su madre, muere su hermana Octavie.<\/em><\/p>\n<p><em>\u00a0 Luego de esas dos desgracias familiares, Emilie vive un tiempo en Toulouse, donde su abuela asume su educaci\u00f3n y la de sus hermanas.<\/em><\/p>\n<p>&nbsp;<\/p>\n<p><strong>SUS COMIENZOS:<\/strong><\/p>\n<p><em>\u00a0 A los 19 a\u00f1os regresa a Hauterive, donde administra la vida familiar, aliviando esta tarea a de su padre, quien en ese entonces era el alcalde de Castres. Piensa entrar con \u201cLas Hijas de la Caridad\u201d pero, durante el tiempo de reflexi\u00f3n impuesto por su padre, funda, con el acuerdo de su Obispo y en colaboraci\u00f3n con dos compa\u00f1eras, la congregaci\u00f3n de Nuestra Se\u00f1ora de la Inmaculada Concepci\u00f3n, el 8 de diciembre de 1836.<\/em><\/p>\n<p><em>\u00a0 En el anonimato de una casa de Castres sirve, junto con sus compa\u00f1eras, a los m\u00e1s pobres, a j\u00f3venes trabajadoras, a enfermos, a prostitutas, y a los presos.<\/em><\/p>\n<p>&nbsp;<\/p>\n<p><strong>EXPANSI\u00d3N DE LA CONGREGACI\u00d3N:<\/strong><\/p>\n<p><em>\u00a0 Pronto la congregaci\u00f3n ve crecer en n\u00famero de hermanas y cuando esta no ten\u00eda m\u00e1s que 12 a\u00f1os y s\u00f3lo 40 miembros, son\u00f3 la llamada de \u00c1frica en el coraz\u00f3n de Emilie. En efecto, es en 1847 cuando madur\u00f3 el proyecto para enviar a las hermanas al Senegal. En 1848, despu\u00e9s de una breve estancia en Gor\u00e9e, la primera comunidad, formada de 4 hermanas, se estableci\u00f3 en Dakar.<\/em><\/p>\n<p><em>\u00a0 Muy pronto esta misma voz que llam\u00f3 de \u00c1frica, se oir\u00e1 de Am\u00e9rica Latina. Hoy la congregaci\u00f3n, habitada por el mismo dinamismo, sigue respondiendo con el mismo esp\u00edritu y la misma generosidad a esa voz que la llama para extender su misi\u00f3n a trav\u00e9s de cuatro continentes.<\/em><\/p>\n<p>&nbsp;<\/p>\n<p><strong>SUS \u00daLTIMOS A\u00d1OS:<\/strong><\/p>\n<p><em>\u00a0 Finalmente en 1853 Jeanne-\u00c9milie de Villeneuve dimite de su cargo de Superiora General para ser sustituida por la Hermana H\u00e9l\u00e8ne Delmas. En 1854, la epidemia de c\u00f3lera lleg\u00f3 a Castres y la Fundadora de las hermanas Azules, luego de contraer dicha enfermedad, muere el 2 de octubre rodeada de sus hermanas.<\/em><\/p>\n<p>&nbsp;<\/p>\n<p><strong>SUS MILAGROS:<\/strong><\/p>\n<p><strong><em>\u00a0\u00a0<\/em><\/strong><em>Primer Milagro: En el mes de febrero de 1995, Binta Diaby, joven africana, hospitalizada en Barcelona, Espa\u00f1a, de una peritonitis aguda, se cura por la intercesi\u00f3n de la Sierva de Dios Jeanne Emilie de Villeneuve. Una curaci\u00f3n que tuvo lugar despu\u00e9s de la visita, a la joven, de las hermanas Azules de una comunidad vecina, y de la novena que hab\u00edan comenzado Los m\u00e9dicos reconocieron la curaci\u00f3n y se envi\u00f3 el expediente de Binta Diaby a Monse\u00f1or Ricard Mar\u00eda Carles y Gord\u00f3, Obispo de Barcelona, el 27 de marzo de 2003. El Tribunal Diocesano, que comenz\u00f3 el 16 de mayo de 2003, se concluy\u00f3 el 29 de octubre de 2003. Las actas del proceso se trajeron a Roma el 31 de octubre de 2003 y el 4 de febrero la Congregaci\u00f3n para la Causa de los Santos promulg\u00f3 el decreto de validez. El 17 de diciembre de 2007 el Papa Benedicto XVI autoriz\u00f3 la emisi\u00f3n del decreto sobre el milagro de la curaci\u00f3n de Binta Diaby, atribuido a Jeanne \u00c9milie de Villeneuve.<\/em><\/p>\n<p><em>\u00a0 Segundo Milagro: Para la canonizaci\u00f3n de la Beata Jeanne-Emilie de Villeneuve se necesitaba el reconocimiento de un segundo milagro, la Postulaci\u00f3n present\u00f3 el caso de la curaci\u00f3n de la ni\u00f1a Emilly Maria de Souza, nacida el 2 de agosto de 2007 en Oroc\u00f3, Brasil, que con tan solo 9 meses recibi\u00f3 una descarga el\u00e9ctrica. Al llegar a urgencias del hospital, Emilly ten\u00eda un paro cardiaco. El m\u00e9dico de guardia Dr Jairo de Lima Ferreira trat\u00f3 de reanimar a la ni\u00f1a. Normalmente los m\u00e9dicos lo hacen durante 20 minutos. Con Emilly lo hizo durante 1 hora. Hasta que el coraz\u00f3n empez\u00f3 a dar el primer signo de vida. Estuvo en el hospital de Dom Malam 10 d\u00edas, y despu\u00e9s, 6 d\u00edas en pediatr\u00eda. El m\u00e9dico que la acompa\u00f1aba dec\u00eda a la familia: si Emilly sale de aqu\u00ed con vida no podr\u00e1 ni ver, ni oir, ni hablar y menos andar. Sali\u00f3 del hospital el 20 de mayo y efectivamente no ve\u00eda, no hablaba, no hac\u00eda m\u00e1s que llorar con la cabeza hacia atr\u00e1s porque no la sosten\u00eda. El 21 de mayo se empez\u00f3 una novena a Emilie de Villeneuve. La novena se termin\u00f3 el 29 y el 30, a las 6 de la tarde su estado cl\u00ednico cambi\u00f3 completamente. Emilly a partir de ese momento comenz\u00f3 a desarrollarse como una ni\u00f1a normal con las caracter\u00edsticas de su edad. Hoy es una hermosa ni\u00f1a, alegre y comunicativa.<\/em><\/p>\n<p>&nbsp;<\/p>\n<p><strong>CANONIZACI\u00d3N:<\/strong><\/p>\n<p><em>El 25 de septiembre de 2014 el Congreso de los Consultores Te\u00f3logos, consideraron la curaci\u00f3n de la ni\u00f1a, como un milagro obtenido por la intercesi\u00f3n de la Beata Jeanne Emilie de Villeneuve.<\/em><\/p>\n<p><em>El Papa Francisco autoriz\u00f3 a la Congregaci\u00f3n para la Causa de los Santos a promulgar el decreto sobre el milagro el 6 de diciembre de 2014 y declar\u00f3 su canonizaci\u00f3n el 17 de mayo del 2015.<\/em><\/p>\n<p><em>\u200b<\/em><\/p>\n<p><strong><u>Enlace de inter\u00e9s:<\/u><\/strong><\/p>\n<p><strong><em>Congregaci\u00f3n de las Hermanas de Nuestra Se\u00f1ora de la Inmaculada Concepci\u00f3n de Castres\u00a0<\/em><\/strong>&#8211; <strong><em>P\u00e1gina web:\u00a0<\/em><\/strong><a href=\"https:\/\/www.ciccastres-es.net\/\"><strong><em>https:\/\/www.ciccastres-es.net\/<\/em><\/strong><\/a><\/p>\n<p>[\/et_pb_text][\/et_pb_column][\/et_pb_row][\/et_pb_section]<\/p>\n","protected":false},"excerpt":{"rendered":"<p>\u00a0 Jeanne-\u00c9milie de Villeneuve naci\u00f3 en Toulouse, Francia, el 9 de marzo de 1811 y muri\u00f3 en Castres, ciudad del mismo pa\u00eds, el 2 de octubre de 1854 a la edad de 43 a\u00f1os. \u00a0 A los 25 a\u00f1os fund\u00f3 la congregaci\u00f3n Nuestra Se\u00f1ora de la Inmaculada Concepci\u00f3n de Castres el 8 de diciembre de [&hellip;]<\/p>\n","protected":false},"author":1,"featured_media":0,"parent":522,"menu_order":0,"comment_status":"closed","ping_status":"closed","template":"","meta":{"_et_pb_use_builder":"on","_et_pb_old_content":"","_et_gb_content_width":"","footnotes":""},"class_list":["post-525","page","type-page","status-publish","hentry"],"_links":{"self":[{"href":"https:\/\/ciclanus.edu.ar\/index.php?rest_route=\/wp\/v2\/pages\/525","targetHints":{"allow":["GET"]}}],"collection":[{"href":"https:\/\/ciclanus.edu.ar\/index.php?rest_route=\/wp\/v2\/pages"}],"about":[{"href":"https:\/\/ciclanus.edu.ar\/index.php?rest_route=\/wp\/v2\/types\/page"}],"author":[{"embeddable":true,"href":"https:\/\/ciclanus.edu.ar\/index.php?rest_route=\/wp\/v2\/users\/1"}],"replies":[{"embeddable":true,"href":"https:\/\/ciclanus.edu.ar\/index.php?rest_route=%2Fwp%2Fv2%2Fcomments&post=525"}],"version-history":[{"count":3,"href":"https:\/\/ciclanus.edu.ar\/index.php?rest_route=\/wp\/v2\/pages\/525\/revisions"}],"predecessor-version":[{"id":780,"href":"https:\/\/ciclanus.edu.ar\/index.php?rest_route=\/wp\/v2\/pages\/525\/revisions\/780"}],"up":[{"embeddable":true,"href":"https:\/\/ciclanus.edu.ar\/index.php?rest_route=\/wp\/v2\/pages\/522"}],"wp:attachment":[{"href":"https:\/\/ciclanus.edu.ar\/index.php?rest_route=%2Fwp%2Fv2%2Fmedia&parent=525"}],"curies":[{"name":"wp","href":"https:\/\/api.w.org\/{rel}","templated":true}]}}